{"id":623,"date":"2024-04-08T19:43:02","date_gmt":"2024-04-08T16:43:02","guid":{"rendered":"https:\/\/saevia.ro\/?page_id=623"},"modified":"2024-04-12T16:17:14","modified_gmt":"2024-04-12T13:17:14","slug":"uleiuri-de-krill","status":"publish","type":"page","link":"https:\/\/saevia.ro\/fr\/uleiuri-de-krill\/","title":{"rendered":"Huiles  de Krill"},"content":{"rendered":"<div data-elementor-type=\"wp-page\" data-elementor-id=\"623\" class=\"elementor elementor-623\" data-elementor-post-type=\"page\">\n\t\t\t\t<div class=\"elementor-element elementor-element-b600410 e-flex e-con-boxed e-con e-parent\" data-id=\"b600410\" data-element_type=\"container\" data-e-type=\"container\">\n\t\t\t\t\t<div class=\"e-con-inner\">\n\t\t\t\t<div class=\"elementor-element elementor-element-f317144 elementor-widget elementor-widget-heading\" data-id=\"f317144\" data-element_type=\"widget\" data-e-type=\"widget\" data-widget_type=\"heading.default\">\n\t\t\t\t<div class=\"elementor-widget-container\">\n\t\t\t\t\t<h2 class=\"elementor-heading-title elementor-size-default\">Huiles  de Krill<\/h2>\t\t\t\t<\/div>\n\t\t\t\t<\/div>\n\t\t\t\t<div class=\"elementor-element elementor-element-ab81cb2 elementor-widget elementor-widget-text-editor\" data-id=\"ab81cb2\" data-element_type=\"widget\" data-e-type=\"widget\" data-widget_type=\"text-editor.default\">\n\t\t\t\t<div class=\"elementor-widget-container\">\n\t\t\t\t\t\t\t\t\t<p>Les huiles de krill sont des suppl\u00e9ments riches en acides gras om\u00e9ga-3, notamment en EPA et DHA, essentiels pour la sant\u00e9 cardiovasculaire et c\u00e9r\u00e9brale.<br \/>Leur particularit\u00e9 r\u00e9side dans la pr\u00e9sence de phospholipides, favorisant une meilleure absorption des om\u00e9ga-3. Les huiles de krill contiennent \u00e9galement des antioxydants, tels que l'astaxanthine, offrant une protection contre l'oxydation et des propri\u00e9t\u00e9s anti-inflammatoires.<br \/>Gr\u00e2ce \u00e0 leur biodisponibilit\u00e9, ces suppl\u00e9ments peuvent \u00eatre plus efficaces que d'autres sources d'om\u00e9ga-3. En outre, le krill est une source durable, soulignant son caract\u00e8re \u00e9cologique. Les bienfaits potentiels pour la sant\u00e9 incluent la r\u00e9duction du risque de maladies cardiovasculaires et le soutien de la fonction c\u00e9r\u00e9brale.<\/p>\t\t\t\t\t\t\t\t<\/div>\n\t\t\t\t<\/div>\n\t\t\t\t\t<\/div>\n\t\t\t\t<\/div>\n\t\t<div class=\"elementor-element elementor-element-68c2710 e-flex e-con-boxed e-con e-parent\" data-id=\"68c2710\" data-element_type=\"container\" data-e-type=\"container\">\n\t\t\t\t\t<div class=\"e-con-inner\">\n\t\t<div class=\"elementor-element elementor-element-18f5baf e-con-full e-flex e-con e-child\" data-id=\"18f5baf\" data-element_type=\"container\" data-e-type=\"container\">\n\t\t\t\t<div class=\"elementor-element elementor-element-e6f5919 elementor-widget elementor-widget-shortcode\" data-id=\"e6f5919\" data-element_type=\"widget\" data-e-type=\"widget\" data-widget_type=\"shortcode.default\">\n\t\t\t\t<div class=\"elementor-widget-container\">\n\t\t\t\t\t\t\t<div class=\"elementor-shortcode\">\n<table id=\"tablepress-9\" class=\"tablepress tablepress-id-9\">\n<thead>\n<tr class=\"row-1\">\n\t<th class=\"column-1\">Designation<\/th><th class=\"column-2\">Conditionnement<\/th>\n<\/tr>\n<\/thead>\n<tbody class=\"row-striping row-hover\">\n<tr class=\"row-2\">\n\t<td class=\"column-1\">HUILE DE KRILL<\/td><td class=\"column-2\">F\u00fbt de 25 kg ou 190 kg<\/td>\n<\/tr>\n<\/tbody>\n<\/table>\n<!-- #tablepress-9 from cache --><\/div>\n\t\t\t\t\t\t<\/div>\n\t\t\t\t<\/div>\n\t\t\t\t<\/div>\n\t\t<div class=\"elementor-element elementor-element-6e889c3 e-con-full e-flex e-con e-child\" data-id=\"6e889c3\" data-element_type=\"container\" data-e-type=\"container\">\n\t\t\t\t<div class=\"elementor-element elementor-element-94e9227 elementor-align-center elementor-icon-list--layout-traditional elementor-list-item-link-full_width elementor-widget elementor-widget-icon-list\" data-id=\"94e9227\" data-element_type=\"widget\" data-e-type=\"widget\" data-widget_type=\"icon-list.default\">\n\t\t\t\t<div class=\"elementor-widget-container\">\n\t\t\t\t\t\t\t<ul class=\"elementor-icon-list-items\">\n\t\t\t\t\t\t\t<li class=\"elementor-icon-list-item\">\n\t\t\t\t\t\t\t\t\t\t\t<span class=\"elementor-icon-list-icon\">\n\t\t\t\t\t\t\t<svg aria-hidden=\"true\" class=\"e-font-icon-svg e-fas-shopping-cart\" viewbox=\"0 0 576 512\" xmlns=\"http:\/\/www.w3.org\/2000\/svg\"><path d=\"M528.12 301.319l47.273-208C578.806 78.301 567.391 64 551.99 64H159.208l-9.166-44.81C147.758 8.021 137.93 0 126.529 0H24C10.745 0 0 10.745 0 24v16c0 13.255 10.745 24 24 24h69.883l70.248 343.435C147.325 417.1 136 435.222 136 456c0 30.928 25.072 56 56 56s56-25.072 56-56c0-15.674-6.447-29.835-16.824-40h209.647C430.447 426.165 424 440.326 424 456c0 30.928 25.072 56 56 56s56-25.072 56-56c0-22.172-12.888-41.332-31.579-50.405l5.517-24.276c3.413-15.018-8.002-29.319-23.403-29.319H218.117l-6.545-32h293.145c11.206 0 20.92-7.754 23.403-18.681z\"><\/path><\/svg>\t\t\t\t\t\t<\/span>\n\t\t\t\t\t\t\t\t\t\t<span class=\"elementor-icon-list-text\">D\u00e9marrer la commande<\/span>\n\t\t\t\t\t\t\t\t\t<\/li>\n\t\t\t\t\t\t<\/ul>\n\t\t\t\t\t\t<\/div>\n\t\t\t\t<\/div>\n\t\t\t\t<div class=\"elementor-element elementor-element-2293308 elementor-widget elementor-widget-shortcode\" data-id=\"2293308\" data-element_type=\"widget\" data-e-type=\"widget\" data-widget_type=\"shortcode.default\">\n\t\t\t\t<div class=\"elementor-widget-container\">\n\t\t\t\t\t\t\t<div class=\"elementor-shortcode\"><div class=\"forminator-ui forminator-custom-form forminator-custom-form-547 forminator-design--material  forminator_ajax\" data-forminator-render=\"0\" data-form=\"forminator-module-547\" data-uid=\"69fecf40614ab\"><br\/><\/div><form\n\t\t\t\tid=\"forminator-module-547\"\n\t\t\t\tclass=\"forminator-ui forminator-custom-form forminator-custom-form-547 forminator-design--material  forminator_ajax\"\n\t\t\t\tmethod=\"post\"\n\t\t\t\tdata-forminator-render=\"0\"\n\t\t\t\tdata-form-id=\"547\"\n\t\t\t\t data-color-option=\"default\" data-design=\"material\" data-grid=\"open\" style=\"display: none;\"\n\t\t\t\tdata-uid=\"69fecf40614ab\" action=\"\"\n\t\t\t><div role=\"alert\" aria-live=\"polite\" class=\"forminator-response-message forminator-error\" aria-hidden=\"true\"><\/div><div class=\"forminator-row\"><div id=\"textarea-1\" class=\"forminator-field-textarea forminator-col forminator-col-12\"><div class=\"forminator-field\"><label for=\"forminator-field-textarea-1_69fecf40614ab\" id=\"forminator-field-textarea-1_69fecf40614ab-label\" class=\"forminator-label\">Produits<\/label><textarea name=\"textarea-1\" placeholder=\"\" id=\"forminator-field-textarea-1_69fecf40614ab\" class=\"forminator-textarea\" rows=\"6\" style=\"--forminator-textarea-min-height:10px;\" ><\/textarea><\/div><\/div><\/div><div class=\"forminator-row\"><div id=\"text-1\" class=\"forminator-field-text forminator-col forminator-col-6\"><div class=\"forminator-field\"><label for=\"forminator-field-text-1_69fecf40614ab\" id=\"forminator-field-text-1_69fecf40614ab-label\" class=\"forminator-label\">Quantit\u00e9 <span class=\"forminator-required\">*<\/span><\/label><input type=\"text\" name=\"text-1\" value=\"\" placeholder=\"\" id=\"forminator-field-text-1_69fecf40614ab\" class=\"forminator-input forminator-name--field\" data-required=\"1\" \/><\/div><\/div><div id=\"select-1\" class=\"forminator-field-select forminator-col forminator-col-6\"><div class=\"forminator-field\"><label for=\"forminator-form-547__field--select-1_69fecf40614ab\" id=\"forminator-form-547__field--select-1_69fecf40614ab-label\" class=\"forminator-label\">KG<\/label><select  id=\"forminator-form-547__field--select-1_69fecf40614ab\" class=\"forminator-select--field forminator-select2 forminator-select2-multiple\" data-required=\"\" name=\"select-1\" data-default-value=\"\" data-hidden-behavior=\"zero\" data-placeholder=\"\" data-search=\"false\" data-search-placeholder=\"\" data-checkbox=\"false\" data-allow-clear=\"false\" aria-labelledby=\"forminator-form-547__field--select-1_69fecf40614ab-label\"><option value=\"one\"  data-calculation=\"0\">kg<\/option><\/select><\/div><\/div><\/div><div class=\"forminator-row\"><div id=\"html-1\" class=\"forminator-field-html forminator-col forminator-col-12\"><div class=\"forminator-field forminator-merge-tags\" data-field=\"html-1\"><p><strong>PRIX<\/strong><\/p>\n<p>Le prix sera disponible sur devis<\/p><\/div><\/div><\/div><div class=\"forminator-row\"><div id=\"name-1\" class=\"forminator-field-name forminator-col forminator-col-12\"><div class=\"forminator-row forminator-no-margin\" data-multiple=\"true\"><div class=\"forminator-col forminator-col-md-6\"><div class=\"forminator-field\"><label for=\"forminator-field-first-name-1_69fecf40614ab\" id=\"forminator-field-first-name-1_69fecf40614ab-label\" class=\"forminator-label\">Pr\u00e9nom <span class=\"forminator-required\">*<\/span><\/label><input type=\"text\" name=\"name-1-first-name\" placeholder=\"\" id=\"forminator-field-first-name-1_69fecf40614ab\" class=\"forminator-input\" aria-required=\"true\" data-multi=\"1\" autocomplete=\"given-name\" value=\"\" \/><\/div><\/div><div class=\"forminator-col forminator-col-md-6\"><div class=\"forminator-field\"><label for=\"forminator-field-last-name-1_69fecf40614ab\" id=\"forminator-field-last-name-1_69fecf40614ab-label\" class=\"forminator-label\">Nom <span class=\"forminator-required\">*<\/span><\/label><input type=\"text\" name=\"name-1-last-name\" placeholder=\"\" id=\"forminator-field-last-name-1_69fecf40614ab\" class=\"forminator-input\" aria-required=\"true\" data-multi=\"1\" autocomplete=\"family-name\" value=\"\" \/><\/div><\/div><\/div><\/div><\/div><div class=\"forminator-row\"><div id=\"text-2\" class=\"forminator-field-text forminator-col forminator-col-12\"><div class=\"forminator-field\"><label for=\"forminator-field-text-2_69fecf40614ab\" id=\"forminator-field-text-2_69fecf40614ab-label\" class=\"forminator-label\">Entreprise <span class=\"forminator-required\">*<\/span><\/label><input type=\"text\" name=\"text-2\" value=\"\" placeholder=\"\" id=\"forminator-field-text-2_69fecf40614ab\" class=\"forminator-input forminator-name--field\" data-required=\"1\" \/><\/div><\/div><\/div><div class=\"forminator-row\"><div id=\"email-1\" class=\"forminator-field-email forminator-col forminator-col-12\"><div class=\"forminator-field\"><label for=\"forminator-field-email-1_69fecf40614ab\" id=\"forminator-field-email-1_69fecf40614ab-label\" class=\"forminator-label\">Adresse e-mail <span class=\"forminator-required\">*<\/span><\/label><input type=\"email\" name=\"email-1\" value=\"\" placeholder=\"\" id=\"forminator-field-email-1_69fecf40614ab\" class=\"forminator-input forminator-email--field\" data-required=\"true\" aria-required=\"true\" autocomplete=\"email\" \/><\/div><\/div><\/div><div class=\"forminator-row\"><div id=\"phone-1\" class=\"forminator-field-phone forminator-col forminator-col-12\"><div class=\"forminator-field\"><label for=\"forminator-field-phone-1_69fecf40614ab\" id=\"forminator-field-phone-1_69fecf40614ab-label\" class=\"forminator-label\">Num\u00e9ro de t\u00e9l\u00e9phone<\/label><input type=\"text\" name=\"phone-1\" value=\"\" placeholder=\"\" id=\"forminator-field-phone-1_69fecf40614ab\" class=\"forminator-input forminator-field--phone\" data-required=\"\" aria-required=\"false\" autocomplete=\"off\" data-validation=\"1\" \/><\/div><\/div><\/div><div class=\"forminator-row\"><div id=\"consent-1\" class=\"forminator-field-consent forminator-col forminator-col-12\"><div class=\"forminator-field\"><label for=\"forminator-field-consent-1_69fecf40614ab\" id=\"forminator-field-consent-1_69fecf40614ab-label\" class=\"forminator-label\">Consentement <span class=\"forminator-required\">*<\/span><\/label><div class=\"forminator-checkbox__wrapper\"><label id=\"forminator-field-consent-1_69fecf40614ab__label\" class=\"forminator-checkbox forminator-consent\"><input type=\"checkbox\" name=\"consent-1\" id=\"forminator-field-consent-1_69fecf40614ab\" value=\"checked\" aria-labelledby=\"forminator-field-consent-1_69fecf40614ab-label\" aria-describedby=\"forminator-field-consent-1_69fecf40614ab__description\" data-required=\"true\" aria-required=\"true\" \/><span class=\"forminator-checkbox-box\" aria-hidden=\"true\"><\/span><\/label><div id=\"forminator-field-consent-1_69fecf40614ab__description\" class=\"forminator-checkbox__label forminator-consent__label\"><p>Oui, je suis d'accord avec le <a href=\"https:\/\/saevia.ro\/fr\/politique-de-confidentialite\/\">politique de confidentialit\u00e9<\/a> et avec les <a href=\"https:\/\/saevia.ro\/fr\/termes-et-conditions\/\">termes et conditions.<\/a><\/p><\/div><\/div><\/div><\/div><\/div><div class=\"forminator-row\"><div id=\"captcha-1\" class=\"forminator-field-captcha forminator-col forminator-col-12\"><div class=\"forminator-captcha-left forminator-g-recaptcha recaptcha-invisible\" data-theme=\"light\" data-badge=\"inline\" data-sitekey=\"6LdJubopAAAAAPJfE-A4OBswLCkEI5PEGQ0BRwP_\" data-size=\"invisible\"><\/div> <\/div><\/div><input type=\"hidden\" name=\"referer_url\" value=\"\" \/><div class=\"forminator-row forminator-row-last\"><div class=\"forminator-col\"><div class=\"forminator-field\"><button class=\"forminator-button forminator-button-submit\"><span>Demander un Devis<\/span><span aria-hidden=\"true\"><\/span><\/button><\/div><\/div><\/div><input type=\"hidden\" id=\"forminator_nonce\" name=\"forminator_nonce\" value=\"f3b002b856\" \/><input type=\"hidden\" name=\"_wp_http_referer\" value=\"\/fr\/wp-json\/wp\/v2\/pages\/623\" \/><input type=\"hidden\" name=\"form_id\" value=\"547\"><input type=\"hidden\" name=\"page_id\" value=\"623\"><input type=\"hidden\" name=\"form_type\" value=\"default\"><input type=\"hidden\" name=\"current_url\" value=\"https:\/\/saevia.ro\/fr\/uleiuri-de-krill\/\"><input type=\"hidden\" name=\"render_id\" value=\"0\"><input type=\"hidden\" name=\"action\" value=\"forminator_submit_form_custom-forms\"><label for=\"input_9\" class=\"forminator-hidden\" aria-hidden=\"true\">Veuillez ne pas remplir ce champ. <input id=\"input_9\" type=\"text\" name=\"input_9\" value=\"\" autocomplete=\"off\"><\/label><input type=\"hidden\" name=\"trp-form-language\" value=\"fr\"\/><\/form><\/div>\n\t\t\t\t\t\t<\/div>\n\t\t\t\t<\/div>\n\t\t\t\t<\/div>\n\t\t\t\t\t<\/div>\n\t\t\t\t<\/div>\n\t\t\t\t<\/div>","protected":false},"excerpt":{"rendered":"<p>Uleiuri de Krill Uleiurile de krill sunt suplimente bogate \u00een acizi gra\u0219i omega-3, inclusiv EPA \u0219i DHA, esen\u021biali pentru s\u0103n\u0103tatea [&hellip;]<\/p>","protected":false},"author":1,"featured_media":0,"parent":0,"menu_order":0,"comment_status":"closed","ping_status":"closed","template":"","meta":{"site-sidebar-layout":"no-sidebar","site-content-layout":"","ast-site-content-layout":"full-width-container","site-content-style":"default","site-sidebar-style":"default","ast-global-header-display":"","ast-banner-title-visibility":"","ast-main-header-display":"","ast-hfb-above-header-display":"","ast-hfb-below-header-display":"","ast-hfb-mobile-header-display":"","site-post-title":"disabled","ast-breadcrumbs-content":"","ast-featured-img":"disabled","footer-sml-layout":"","ast-disable-related-posts":"","theme-transparent-header-meta":"","adv-header-id-meta":"","stick-header-meta":"","header-above-stick-meta":"","header-main-stick-meta":"","header-below-stick-meta":"","astra-migrate-meta-layouts":"default","ast-page-background-enabled":"default","ast-page-background-meta":{"desktop":{"background-color":"var(--ast-global-color-4)","background-image":"","background-repeat":"repeat","background-position":"center center","background-size":"auto","background-attachment":"scroll","background-type":"","background-media":"","overlay-type":"","overlay-color":"","overlay-opacity":"","overlay-gradient":""},"tablet":{"background-color":"","background-image":"","background-repeat":"repeat","background-position":"center center","background-size":"auto","background-attachment":"scroll","background-type":"","background-media":"","overlay-type":"","overlay-color":"","overlay-opacity":"","overlay-gradient":""},"mobile":{"background-color":"","background-image":"","background-repeat":"repeat","background-position":"center center","background-size":"auto","background-attachment":"scroll","background-type":"","background-media":"","overlay-type":"","overlay-color":"","overlay-opacity":"","overlay-gradient":""}},"ast-content-background-meta":{"desktop":{"background-color":"var(--ast-global-color-5)","background-image":"","background-repeat":"repeat","background-position":"center center","background-size":"auto","background-attachment":"scroll","background-type":"","background-media":"","overlay-type":"","overlay-color":"","overlay-opacity":"","overlay-gradient":""},"tablet":{"background-color":"var(--ast-global-color-5)","background-image":"","background-repeat":"repeat","background-position":"center center","background-size":"auto","background-attachment":"scroll","background-type":"","background-media":"","overlay-type":"","overlay-color":"","overlay-opacity":"","overlay-gradient":""},"mobile":{"background-color":"var(--ast-global-color-5)","background-image":"","background-repeat":"repeat","background-position":"center center","background-size":"auto","background-attachment":"scroll","background-type":"","background-media":"","overlay-type":"","overlay-color":"","overlay-opacity":"","overlay-gradient":""}},"footnotes":""},"class_list":["post-623","page","type-page","status-publish","hentry"],"yoast_head":"<!-- This site is optimized with the Yoast SEO plugin v27.4 - https:\/\/yoast.com\/product\/yoast-seo-wordpress\/ -->\n<title>Uleiuri de Krill - Saevia<\/title>\n<meta name=\"robots\" content=\"index, follow, max-snippet:-1, max-image-preview:large, max-video-preview:-1\" \/>\n<link rel=\"canonical\" href=\"https:\/\/saevia.ro\/fr\/uleiuri-de-krill\/\" \/>\n<meta property=\"og:locale\" content=\"fr_FR\" \/>\n<meta property=\"og:type\" content=\"article\" \/>\n<meta property=\"og:title\" content=\"Uleiuri de Krill - Saevia\" \/>\n<meta property=\"og:description\" content=\"Uleiuri de Krill Uleiurile de krill sunt suplimente bogate \u00een acizi gra\u0219i omega-3, inclusiv EPA \u0219i DHA, esen\u021biali pentru s\u0103n\u0103tatea [&hellip;]\" \/>\n<meta property=\"og:url\" content=\"https:\/\/saevia.ro\/fr\/uleiuri-de-krill\/\" \/>\n<meta property=\"og:site_name\" content=\"Saevia\" \/>\n<meta property=\"article:modified_time\" content=\"2024-04-12T13:17:14+00:00\" \/>\n<meta name=\"twitter:card\" content=\"summary_large_image\" \/>\n<meta name=\"twitter:label1\" content=\"Dur\u00e9e de lecture estim\u00e9e\" \/>\n\t<meta name=\"twitter:data1\" content=\"1 minute\" \/>\n<script type=\"application\/ld+json\" class=\"yoast-schema-graph\">{\"@context\":\"https:\\\/\\\/schema.org\",\"@graph\":[{\"@type\":\"WebPage\",\"@id\":\"https:\\\/\\\/saevia.ro\\\/uleiuri-de-krill\\\/\",\"url\":\"https:\\\/\\\/saevia.ro\\\/uleiuri-de-krill\\\/\",\"name\":\"Uleiuri de Krill - Saevia\",\"isPartOf\":{\"@id\":\"https:\\\/\\\/saevia.ro\\\/#website\"},\"datePublished\":\"2024-04-08T16:43:02+00:00\",\"dateModified\":\"2024-04-12T13:17:14+00:00\",\"breadcrumb\":{\"@id\":\"https:\\\/\\\/saevia.ro\\\/uleiuri-de-krill\\\/#breadcrumb\"},\"inLanguage\":\"fr-FR\",\"potentialAction\":[{\"@type\":\"ReadAction\",\"target\":[\"https:\\\/\\\/saevia.ro\\\/uleiuri-de-krill\\\/\"]}]},{\"@type\":\"BreadcrumbList\",\"@id\":\"https:\\\/\\\/saevia.ro\\\/uleiuri-de-krill\\\/#breadcrumb\",\"itemListElement\":[{\"@type\":\"ListItem\",\"position\":1,\"name\":\"Home\",\"item\":\"https:\\\/\\\/saevia.ro\\\/\"},{\"@type\":\"ListItem\",\"position\":2,\"name\":\"Uleiuri de Krill\"}]},{\"@type\":\"WebSite\",\"@id\":\"https:\\\/\\\/saevia.ro\\\/#website\",\"url\":\"https:\\\/\\\/saevia.ro\\\/\",\"name\":\"Saevia\",\"description\":\"Pentru sanatatea ta!\",\"publisher\":{\"@id\":\"https:\\\/\\\/saevia.ro\\\/#organization\"},\"potentialAction\":[{\"@type\":\"SearchAction\",\"target\":{\"@type\":\"EntryPoint\",\"urlTemplate\":\"https:\\\/\\\/saevia.ro\\\/?s={search_term_string}\"},\"query-input\":{\"@type\":\"PropertyValueSpecification\",\"valueRequired\":true,\"valueName\":\"search_term_string\"}}],\"inLanguage\":\"fr-FR\"},{\"@type\":\"Organization\",\"@id\":\"https:\\\/\\\/saevia.ro\\\/#organization\",\"name\":\"Saevia\",\"url\":\"https:\\\/\\\/saevia.ro\\\/\",\"logo\":{\"@type\":\"ImageObject\",\"inLanguage\":\"fr-FR\",\"@id\":\"https:\\\/\\\/saevia.ro\\\/#\\\/schema\\\/logo\\\/image\\\/\",\"url\":\"https:\\\/\\\/saevia.ro\\\/wp-content\\\/uploads\\\/2024\\\/04\\\/logo_preview__1_-removebg-preview-1.png\",\"contentUrl\":\"https:\\\/\\\/saevia.ro\\\/wp-content\\\/uploads\\\/2024\\\/04\\\/logo_preview__1_-removebg-preview-1.png\",\"width\":638,\"height\":162,\"caption\":\"Saevia\"},\"image\":{\"@id\":\"https:\\\/\\\/saevia.ro\\\/#\\\/schema\\\/logo\\\/image\\\/\"}}]}<\/script>\n<!-- \/ Yoast SEO plugin. -->","yoast_head_json":{"title":"Uleiuri de Krill - Saevia","robots":{"index":"index","follow":"follow","max-snippet":"max-snippet:-1","max-image-preview":"max-image-preview:large","max-video-preview":"max-video-preview:-1"},"canonical":"https:\/\/saevia.ro\/fr\/uleiuri-de-krill\/","og_locale":"fr_FR","og_type":"article","og_title":"Uleiuri de Krill - Saevia","og_description":"Uleiuri de Krill Uleiurile de krill sunt suplimente bogate \u00een acizi gra\u0219i omega-3, inclusiv EPA \u0219i DHA, esen\u021biali pentru s\u0103n\u0103tatea [&hellip;]","og_url":"https:\/\/saevia.ro\/fr\/uleiuri-de-krill\/","og_site_name":"Saevia","article_modified_time":"2024-04-12T13:17:14+00:00","twitter_card":"summary_large_image","twitter_misc":{"Dur\u00e9e de lecture estim\u00e9e":"1 minute"},"schema":{"@context":"https:\/\/schema.org","@graph":[{"@type":"WebPage","@id":"https:\/\/saevia.ro\/uleiuri-de-krill\/","url":"https:\/\/saevia.ro\/uleiuri-de-krill\/","name":"Uleiuri de Krill - Saevia","isPartOf":{"@id":"https:\/\/saevia.ro\/#website"},"datePublished":"2024-04-08T16:43:02+00:00","dateModified":"2024-04-12T13:17:14+00:00","breadcrumb":{"@id":"https:\/\/saevia.ro\/uleiuri-de-krill\/#breadcrumb"},"inLanguage":"fr-FR","potentialAction":[{"@type":"ReadAction","target":["https:\/\/saevia.ro\/uleiuri-de-krill\/"]}]},{"@type":"BreadcrumbList","@id":"https:\/\/saevia.ro\/uleiuri-de-krill\/#breadcrumb","itemListElement":[{"@type":"ListItem","position":1,"name":"Home","item":"https:\/\/saevia.ro\/"},{"@type":"ListItem","position":2,"name":"Uleiuri de Krill"}]},{"@type":"WebSite","@id":"https:\/\/saevia.ro\/#website","url":"https:\/\/saevia.ro\/","name":"Saevia","description":"Pour ta sant\u00e9!","publisher":{"@id":"https:\/\/saevia.ro\/#organization"},"potentialAction":[{"@type":"SearchAction","target":{"@type":"EntryPoint","urlTemplate":"https:\/\/saevia.ro\/?s={search_term_string}"},"query-input":{"@type":"PropertyValueSpecification","valueRequired":true,"valueName":"search_term_string"}}],"inLanguage":"fr-FR"},{"@type":"Organization","@id":"https:\/\/saevia.ro\/#organization","name":"Saevia","url":"https:\/\/saevia.ro\/","logo":{"@type":"ImageObject","inLanguage":"fr-FR","@id":"https:\/\/saevia.ro\/#\/schema\/logo\/image\/","url":"https:\/\/saevia.ro\/wp-content\/uploads\/2024\/04\/logo_preview__1_-removebg-preview-1.png","contentUrl":"https:\/\/saevia.ro\/wp-content\/uploads\/2024\/04\/logo_preview__1_-removebg-preview-1.png","width":638,"height":162,"caption":"Saevia"},"image":{"@id":"https:\/\/saevia.ro\/#\/schema\/logo\/image\/"}}]}},"_links":{"self":[{"href":"https:\/\/saevia.ro\/fr\/wp-json\/wp\/v2\/pages\/623","targetHints":{"allow":["GET"]}}],"collection":[{"href":"https:\/\/saevia.ro\/fr\/wp-json\/wp\/v2\/pages"}],"about":[{"href":"https:\/\/saevia.ro\/fr\/wp-json\/wp\/v2\/types\/page"}],"author":[{"embeddable":true,"href":"https:\/\/saevia.ro\/fr\/wp-json\/wp\/v2\/users\/1"}],"replies":[{"embeddable":true,"href":"https:\/\/saevia.ro\/fr\/wp-json\/wp\/v2\/comments?post=623"}],"version-history":[{"count":22,"href":"https:\/\/saevia.ro\/fr\/wp-json\/wp\/v2\/pages\/623\/revisions"}],"predecessor-version":[{"id":1489,"href":"https:\/\/saevia.ro\/fr\/wp-json\/wp\/v2\/pages\/623\/revisions\/1489"}],"wp:attachment":[{"href":"https:\/\/saevia.ro\/fr\/wp-json\/wp\/v2\/media?parent=623"}],"curies":[{"name":"wp","href":"https:\/\/api.w.org\/{rel}","templated":true}]}}