{"id":60,"date":"2024-04-03T09:28:51","date_gmt":"2024-04-03T06:28:51","guid":{"rendered":"https:\/\/saevia.ro\/?page_id=60"},"modified":"2024-04-08T21:52:30","modified_gmt":"2024-04-08T18:52:30","slug":"termeni-si-conditii","status":"publish","type":"page","link":"https:\/\/saevia.ro\/fr\/termes-et-conditions\/","title":{"rendered":"Termes et conditions"},"content":{"rendered":"<div data-elementor-type=\"wp-page\" data-elementor-id=\"60\" class=\"elementor elementor-60\" data-elementor-post-type=\"page\">\n\t\t\t\t<div class=\"elementor-element elementor-element-3e13f737 e-flex e-con-boxed e-con e-parent\" data-id=\"3e13f737\" data-element_type=\"container\" data-e-type=\"container\">\n\t\t\t\t\t<div class=\"e-con-inner\">\n\t\t\t\t<div class=\"elementor-element elementor-element-6e99cec3 elementor-widget elementor-widget-text-editor\" data-id=\"6e99cec3\" data-element_type=\"widget\" data-e-type=\"widget\" data-widget_type=\"text-editor.default\">\n\t\t\t\t<div class=\"elementor-widget-container\">\n\t\t\t\t\t\t\t\t\t\n<h2 class=\"wp-block-heading\"><strong>Termes et conditions<\/strong><\/h2>\n\n\n\n<p>Bienvenue chez Saevia !<\/p>\n\n\n\n<p>Les pr\u00e9sentes conditions g\u00e9n\u00e9rales d\u00e9crivent les r\u00e8gles et r\u00e9glementations d'utilisation du site Web Saevia, situ\u00e9 \u00e0 l'adresse https:\/\/saevia.ro\/.<\/p>\n\n\n\n<p>En acc\u00e9dant \u00e0 ce site Web, nous supposons que vous acceptez ces termes et conditions. Ne continuez pas \u00e0 utiliser Saevia si vous n'acceptez pas tous les termes et conditions \u00e9nonc\u00e9s sur cette page.<\/p>\n\n\n\n<p>La terminologie suivante s'applique aux pr\u00e9sentes conditions g\u00e9n\u00e9rales, \u00e0 la d\u00e9claration de confidentialit\u00e9 et \u00e0 l'avis de non-responsabilit\u00e9 ainsi qu'\u00e0 tous les accords\u00a0: \u00ab\u00a0Client\u00a0\u00bb, \u00ab\u00a0Vous\u00a0\u00bb et \u00ab\u00a0Votre\u00a0\u00bb. fait r\u00e9f\u00e9rence \u00e0 vous, la personne qui se connecte \u00e0 ce site Web et se conforme aux termes et conditions de la Soci\u00e9t\u00e9. conditions. \u00ab Soci\u00e9t\u00e9 \u00bb, \u00ab Nous-m\u00eames \u00bb, \u00ab Nous \u00bb, \u00ab Notre \u00bb et \u00ab Notre \u00bb font r\u00e9f\u00e9rence \u00e0 notre Soci\u00e9t\u00e9. \u00ab\u00a0Partie\u00a0\u00bb, \u00ab\u00a0Parties\u00a0\u00bb ou \u00ab\u00a0Nous\u00a0\u00bb d\u00e9signent \u00e0 la fois le Client et nous-m\u00eames. Tous les termes concernent l'offre, l'acceptation et la prise en compte du paiement n\u00e9cessaire pour mener \u00e0 bien le processus d'assistance au Client de la mani\u00e8re la plus appropri\u00e9e, dans le but expr\u00e8s de r\u00e9pondre aux besoins du Client en ce qui concerne la fourniture des services d\u00e9clar\u00e9s de la Soci\u00e9t\u00e9, conform\u00e9ment et sous r\u00e9serve de la loi en vigueur du ro. Toute utilisation de la terminologie ci-dessus ou d'autres mots au singulier, au pluriel, en majuscules et\/ou il\/elle ou ils sont consid\u00e9r\u00e9s comme interchangeables et font donc r\u00e9f\u00e9rence \u00e0 la m\u00eame chose.<\/p>\n\n\n\n<h3 class=\"wp-block-heading\"><strong>Cookies<\/strong><\/h3>\n\n\n\n<p>Nous utilisons des cookies. En acc\u00e9dant \u00e0 Saevia, vous avez accept\u00e9 d'utiliser des cookies conform\u00e9ment \u00e0 la politique de confidentialit\u00e9 de Saevia.<\/p>\n\n\n\n<p>La plupart des sites Web interactifs utilisent des cookies pour nous permettre de r\u00e9cup\u00e9rer les d\u00e9tails de l'utilisateur \u00e0 chaque visite. Les cookies sont utilis\u00e9s par notre site Web pour activer la fonctionnalit\u00e9 de certaines zones afin de faciliter l'acc\u00e8s des personnes visitant notre site Web. Certains de nos affili\u00e9s\/partenaires publicitaires peuvent \u00e9galement utiliser des cookies.<\/p>\n\n\n\n<h3 class=\"wp-block-heading\"><strong>Licence<\/strong><\/h3>\n\n\n\n<p>Sauf indication contraire, Saevia et\/ou ses conc\u00e9dants de licence d\u00e9tiennent les droits de propri\u00e9t\u00e9 intellectuelle sur tout le mat\u00e9riel pr\u00e9sent\u00e9 sur Saevia. Tous les droits de propri\u00e9t\u00e9 intellectuelle sont r\u00e9serv\u00e9s. Vous pouvez y acc\u00e9der depuis Saevia pour votre usage personnel, sous r\u00e9serve des restrictions \u00e9nonc\u00e9es dans les pr\u00e9sentes conditions g\u00e9n\u00e9rales.<\/p>\n\n\n\n<p>Ne devrait pas:<\/p>\n\n\n\n<ul class=\"wp-block-list\">\n<li>Republier du mat\u00e9riel de Saevia<\/li>\n\n\n\n<li>Vendre, louer ou sous-licencier du mat\u00e9riel de Saevia<\/li>\n\n\n\n<li>Reproduire, dupliquer ou copier du mat\u00e9riel de Saevia<\/li>\n\n\n\n<li>Redistribuer le contenu de Saevia<\/li>\n<\/ul>\n\n\n\n<p>Certaines parties de ce site Web offrent aux utilisateurs la possibilit\u00e9 de publier et d'\u00e9changer des opinions et des informations dans certaines zones du site Web. Saevia ne filtre, ne modifie, ne publie ni n'examine les commentaires avant leur pr\u00e9sence sur le site. Les commentaires ne refl\u00e8tent pas les points de vue et opinions de Saevia, de ses agents et\/ou soci\u00e9t\u00e9s affili\u00e9es. Les commentaires refl\u00e8tent les points de vue et les opinions de la personne qui publie ses points de vue et ses opinions. Dans la mesure permise par la loi applicable, Saevia ne sera pas responsable des commentaires ni de toute responsabilit\u00e9, dommage ou d\u00e9pense caus\u00e9 et\/ou encouru \u00e0 la suite de toute utilisation et\/ou publication et\/ou apparition de commentaires sur ce document. site web.<\/p>\n\n\n\n<p>Saevia se r\u00e9serve le droit de surveiller tous les commentaires et de supprimer tout commentaire qui pourrait \u00eatre jug\u00e9 inappropri\u00e9, offensant ou entra\u00eener une violation des pr\u00e9sentes conditions g\u00e9n\u00e9rales.<\/p>\n\n\n\n<p>Vous garantissez et d\u00e9clarez que\u00a0:<\/p>\n\n\n\n<ul class=\"wp-block-list\">\n<li>Vous avez le droit de publier les commentaires sur notre site Web et disposez de toutes les licences et consentements n\u00e9cessaires pour le faire\u00a0;<\/li>\n\n\n\n<li>Les commentaires ne portent atteinte \u00e0 aucun droit de propri\u00e9t\u00e9 intellectuelle, y compris, sans limitation, les droits d'auteur, brevets ou marques d\u00e9pos\u00e9es de tiers\u00a0;<\/li>\n\n\n\n<li>Les commentaires ne contiennent aucun \u00e9l\u00e9ment diffamatoire, offensant, ind\u00e9cent ou autrement ill\u00e9gal constituant une atteinte \u00e0 la vie priv\u00e9e.<\/li>\n\n\n\n<li>Les commentaires ne seront pas utilis\u00e9s pour solliciter ou promouvoir des affaires ou des coutumes ou pour repr\u00e9senter des activit\u00e9s commerciales ou ill\u00e9gales.<\/li>\n<\/ul>\n\n\n\n<p>Par la pr\u00e9sente, vous accordez \u00e0 Saevia une licence non exclusive pour utiliser, reproduire, \u00e9diter et autoriser d'autres personnes \u00e0 utiliser, reproduire et \u00e9diter n'importe lequel de vos commentaires sous quelque forme, format ou support que ce soit.<\/p>\n\n\n\n<h3 class=\"wp-block-heading\"><strong>Lien hypertexte vers notre contenu<\/strong><\/h3>\n\n\n\n<p>Les organisations suivantes peuvent cr\u00e9er des liens vers notre site sans autorisation \u00e9crite pr\u00e9alable\u00a0:<\/p>\n\n\n\n<ul class=\"wp-block-list\">\n<li>Organismes gouvernementaux;<\/li>\n\n\n\n<li>Moteurs de recherche;<\/li>\n\n\n\n<li>les organismes de presse\u00a0;<\/li>\n\n\n\n<li>Les distributeurs d'annuaires en ligne peuvent cr\u00e9er des liens vers notre site Web de la m\u00eame mani\u00e8re qu'ils cr\u00e9ent des hyperliens vers les sites Web d'autres soci\u00e9t\u00e9s cot\u00e9es\u00a0; et<\/li>\n\n\n\n<li>Entreprises accr\u00e9dit\u00e9es dans tout le syst\u00e8me, \u00e0 l'exception des organisations \u00e0 but non lucratif, des centres commerciaux caritatifs et des groupes de collecte de fonds caritatifs, qui ne peuvent pas cr\u00e9er de lien vers notre site Web.<\/li>\n<\/ul>\n\n\n\n<p>Ces organisations peuvent cr\u00e9er des liens vers notre page d'accueil, nos publications ou d'autres informations sur notre site Web \u00e0 condition que le lien\u00a0: (a) ne soit en aucun cas trompeur\u00a0; (b) n'implique pas faussement un parrainage, approuve <\/p>\n\n\n\n<p>modification ou approbation de la partie liant et de ses produits et\/ou services\u00a0; et (c) s'inscrit dans le contexte du site Web de la partie \u00e9tablissant le lien.<\/p>\n\n\n\n<p>Nous pouvons consid\u00e9rer et approuver d\u2019autres demandes de liens \u00e9manant des types d\u2019organisations suivants\u00a0:<\/p>\n\n\n\n<ul class=\"wp-block-list\">\n<li>sources d\u2019informations commun\u00e9ment connues sur les consommateurs et\/ou les entreprises\u00a0;<\/li>\n\n\n\n<li>sites communautaires dot.com\u00a0;<\/li>\n\n\n\n<li>les associations ou autres groupes repr\u00e9sentant des \u0153uvres caritatives\u00a0;<\/li>\n\n\n\n<li>distributeurs d'annuaires en ligne;<\/li>\n\n\n\n<li>portails Internet;<\/li>\n\n\n\n<li>cabinets de comptabilit\u00e9, d'avocats et de conseil; et<\/li>\n\n\n\n<li>\u00e9tablissements d\u2019enseignement et associations professionnelles.<\/li>\n<\/ul>\n\n\n\n<p>Nous approuverons les demandes de lien de ces organisations si nous d\u00e9terminons que\u00a0: (a) le lien ne nous donnera pas, ni \u00e0 nos soci\u00e9t\u00e9s accr\u00e9dit\u00e9es, une apparence d\u00e9favorable\u00a0; (b) l'organisation n'a aucun dossier n\u00e9gatif chez nous\u00a0; (c) le b\u00e9n\u00e9fice pour nous de la visibilit\u00e9 du lien hypertexte compense l'absence de Saevia\u00a0; et (d) le lien se trouve dans le contexte d\u2019informations g\u00e9n\u00e9rales sur les ressources.<\/p>\n\n\n\n<p>Ces organisations peuvent cr\u00e9er un lien vers notre page d'accueil \u00e0 condition que le lien\u00a0: (a) ne soit en aucun cas trompeur\u00a0; (b) n'implique pas faussement le parrainage, l'approbation ou l'approbation de la partie \u00e9tablissant le lien et de ses produits ou services\u00a0; et (c) s'inscrit dans le contexte du site Web de la partie \u00e9tablissant le lien.<\/p>\n\n\n\n<p>Si vous faites partie des organisations \u00e9num\u00e9r\u00e9es au paragraphe 2 ci-dessus et que vous souhaitez cr\u00e9er un lien vers notre site, vous devez nous en informer en envoyant un e-mail \u00e0 Saevia. Veuillez inclure votre nom, le nom de votre organisation, vos coordonn\u00e9es, ainsi que l'URL de votre site Web, une liste de toutes les URL \u00e0 partir desquelles vous avez l'intention de cr\u00e9er un lien vers notre site et une liste des URL de notre site auxquelles vous souhaitez acc\u00e9der. lien. Veuillez pr\u00e9voir 2 \u00e0 3 semaines pour une r\u00e9ponse.<\/p>\n\n\n\n<p>Les organisations agr\u00e9\u00e9es peuvent cr\u00e9er des hyperliens vers notre site Web comme suit\u00a0:<\/p>\n\n\n\n<ul class=\"wp-block-list\">\n<li>En utilisant notre raison sociale\u00a0; ou<\/li>\n\n\n\n<li>En utilisant le localisateur de ressources uniforme auquel il est connect\u00e9\u00a0; ou<\/li>\n\n\n\n<li>L'utilisation de toute autre description de notre site li\u00e9 est logique dans le contexte et le format du contenu du site de la partie \u00e9tablissant le lien.<\/li>\n<\/ul>\n\n\n\n<p>Aucune utilisation du logo Saevia ou d'autres illustrations ne sera autoris\u00e9e pour le lien en l'absence d'un accord de licence de marque.<\/p>\n\n\n\n<h3 class=\"wp-block-heading\"><strong>iFrames<\/strong><\/h3>\n\n\n\n<p>Sans notre approbation pr\u00e9alable et notre autorisation \u00e9crite, vous ne pouvez pas cr\u00e9er de cadres autour de nos pages Web qui modifient de quelque mani\u00e8re que ce soit la pr\u00e9sentation visuelle ou l'apparence de notre site.<\/p>\n\n\n\n<h3 class=\"wp-block-heading\"><strong>Responsabilit\u00e9 du contenu<\/strong><\/h3>\n\n\n\n<p>Nous ne serons pas tenus responsables du contenu qui appara\u00eet sur votre site Web. Vous acceptez de nous prot\u00e9ger et de nous d\u00e9fendre contre toutes les r\u00e9clamations qui apparaissent sur votre site Web. Aucun lien ne doit appara\u00eetre sur un site Web qui pourrait \u00eatre interpr\u00e9t\u00e9 comme diffamatoire, obsc\u00e8ne ou criminel ou qui enfreint, enfreint autrement ou pr\u00f4ne la contrefa\u00e7on ou toute autre violation d'un tiers. droits.<\/p>\n\n\n\n<h3 class=\"wp-block-heading\"><strong>R\u00e9serve de droits<\/strong><\/h3>\n\n\n\n<p>Nous nous r\u00e9servons le droit de vous demander de supprimer tout ou partie des liens sp\u00e9cifiques vers notre site. Vous acceptez de supprimer imm\u00e9diatement tous les liens vers notre site sur demande. Nous nous r\u00e9servons \u00e9galement le droit de modifier ces termes et conditions ainsi que la politique de connexion \u00e0 tout moment. En continuant \u00e0 vous connecter \u00e0 notre site, vous acceptez d'\u00eatre li\u00e9 et de suivre ces termes et conditions de connexion.<\/p>\n\n\n\n<h3 class=\"wp-block-heading\"><strong>Suppression des liens de notre site Web<\/strong><\/h3>\n\n\n\n<p>Si vous trouvez un lien offensant sur notre site pour quelque raison que ce soit, vous \u00eates libre de nous contacter et de nous en informer \u00e0 tout moment. Nous examinerons les demandes de suppression de liens, mais nous n'avons aucune obligation de vous r\u00e9pondre directement.<\/p>\n\n\n\n<p>Nous ne garantissons pas que les informations pr\u00e9sentes sur ce site Web sont exactes, ni ne garantissons leur exhaustivit\u00e9 ou leur exactitude\u00a0; nous ne promettons pas non plus de garantir que le site Web reste disponible ou que le contenu du site Web est \u00e0 jour.<\/p>\n\n\n\n<h3 class=\"wp-block-heading\"><strong>Clause de non-responsabilit\u00e9<\/strong><\/h3>\n\n\n\n<p>Dans la mesure permise par la loi applicable, nous excluons toutes les repr\u00e9sentations, garanties et conditions relatives \u00e0 notre site Web et \u00e0 l'utilisation de ce site Web. Rien dans cette clause de non-responsabilit\u00e9 ne doit\u00a0:<\/p>\n\n\n\n<ul class=\"wp-block-list\">\n<li>limiter ou exclure notre ou votre responsabilit\u00e9 en cas de d\u00e9c\u00e8s ou de blessures corporelles\u00a0;<\/li>\n\n\n\n<li>limiter ou exclure notre ou votre responsabilit\u00e9 en cas de fraude ou de fausse d\u00e9claration frauduleuse\u00a0;<\/li>\n\n\n\n<li>limiter notre ou votre responsabilit\u00e9 d'une mani\u00e8re qui n'est pas autoris\u00e9e par la loi applicable\u00a0; ou<\/li>\n\n\n\n<li>exclure toute de nos ou vos responsabilit\u00e9s qui ne peuvent pas \u00eatre exclues en vertu de la loi applicable.<\/li>\n<\/ul>\n\n\n\n<p>Les limitations et exclusions de responsabilit\u00e9 \u00e9nonc\u00e9es dans cette section et ailleurs dans cette clause de non-responsabilit\u00e9\u00a0: (a) sont soumises au paragraphe pr\u00e9c\u00e9dent\u00a0; et (b) r\u00e9gissent toutes les clauses de non-responsabilit\u00e9, y compris les responsabilit\u00e9s contractuelles, d\u00e9lictuelles et la violation d'une obligation l\u00e9gale.<\/p>\n\n\n\n<p>Tant que le site Web ainsi que les informations et services propos\u00e9s sur le site Web sont fournis gratuitement, nous ne serons pas responsables de toute perte ou dommage de quelque nature que ce soit.<\/p>\n\t\t\t\t\t\t\t\t<\/div>\n\t\t\t\t<\/div>\n\t\t\t\t\t<\/div>\n\t\t\t\t<\/div>\n\t\t\t\t<\/div>","protected":false},"excerpt":{"rendered":"<p>Termeni \u0219i condi\u021bii Bine a\u021bi venit la Saevia! Ace\u0219ti termeni \u0219i condi\u021bii descriu regulile \u0219i reglement\u0103rile de utilizare a site-ului [&hellip;]<\/p>","protected":false},"author":1,"featured_media":0,"parent":0,"menu_order":0,"comment_status":"closed","ping_status":"closed","template":"","meta":{"site-sidebar-layout":"default","site-content-layout":"","ast-site-content-layout":"default","site-content-style":"default","site-sidebar-style":"default","ast-global-header-display":"","ast-banner-title-visibility":"","ast-main-header-display":"","ast-hfb-above-header-display":"","ast-hfb-below-header-display":"","ast-hfb-mobile-header-display":"","site-post-title":"disabled","ast-breadcrumbs-content":"","ast-featured-img":"","footer-sml-layout":"","ast-disable-related-posts":"","theme-transparent-header-meta":"","adv-header-id-meta":"","stick-header-meta":"","header-above-stick-meta":"","header-main-stick-meta":"","header-below-stick-meta":"","astra-migrate-meta-layouts":"default","ast-page-background-enabled":"default","ast-page-background-meta":{"desktop":{"background-color":"var(--ast-global-color-4)","background-image":"","background-repeat":"repeat","background-position":"center center","background-size":"auto","background-attachment":"scroll","background-type":"","background-media":"","overlay-type":"","overlay-color":"","overlay-opacity":"","overlay-gradient":""},"tablet":{"background-color":"","background-image":"","background-repeat":"repeat","background-position":"center center","background-size":"auto","background-attachment":"scroll","background-type":"","background-media":"","overlay-type":"","overlay-color":"","overlay-opacity":"","overlay-gradient":""},"mobile":{"background-color":"","background-image":"","background-repeat":"repeat","background-position":"center center","background-size":"auto","background-attachment":"scroll","background-type":"","background-media":"","overlay-type":"","overlay-color":"","overlay-opacity":"","overlay-gradient":""}},"ast-content-background-meta":{"desktop":{"background-color":"var(--ast-global-color-5)","background-image":"","background-repeat":"repeat","background-position":"center center","background-size":"auto","background-attachment":"scroll","background-type":"","background-media":"","overlay-type":"","overlay-color":"","overlay-opacity":"","overlay-gradient":""},"tablet":{"background-color":"var(--ast-global-color-5)","background-image":"","background-repeat":"repeat","background-position":"center center","background-size":"auto","background-attachment":"scroll","background-type":"","background-media":"","overlay-type":"","overlay-color":"","overlay-opacity":"","overlay-gradient":""},"mobile":{"background-color":"var(--ast-global-color-5)","background-image":"","background-repeat":"repeat","background-position":"center center","background-size":"auto","background-attachment":"scroll","background-type":"","background-media":"","overlay-type":"","overlay-color":"","overlay-opacity":"","overlay-gradient":""}},"footnotes":""},"class_list":["post-60","page","type-page","status-publish","hentry"],"yoast_head":"<!-- This site is optimized with the Yoast SEO plugin v27.4 - https:\/\/yoast.com\/product\/yoast-seo-wordpress\/ -->\n<title>Termeni si Conditii - Saevia<\/title>\n<meta name=\"description\" content=\"Prin accesarea acestui site web presupunem c\u0103 accepta\u021bi ace\u0219ti termeni \u0219i condi\u021bii. Nu continua\u021bi s\u0103 utiliza\u021bi Saevia dac\u0103 nu sunte\u021bi de acord s\u0103 accepta\u021bi to\u021bi termenii \u0219i condi\u021biile men\u021bionate pe aceast\u0103 pagin\u0103.\" \/>\n<meta name=\"robots\" content=\"index, follow, max-snippet:-1, max-image-preview:large, max-video-preview:-1\" \/>\n<link rel=\"canonical\" href=\"https:\/\/saevia.ro\/fr\/termes-et-conditions\/\" \/>\n<meta property=\"og:locale\" content=\"fr_FR\" \/>\n<meta property=\"og:type\" content=\"article\" \/>\n<meta property=\"og:title\" content=\"Termeni si Conditii - Saevia\" \/>\n<meta property=\"og:description\" content=\"Prin accesarea acestui site web presupunem c\u0103 accepta\u021bi ace\u0219ti termeni \u0219i condi\u021bii. Nu continua\u021bi s\u0103 utiliza\u021bi Saevia dac\u0103 nu sunte\u021bi de acord s\u0103 accepta\u021bi to\u021bi termenii \u0219i condi\u021biile men\u021bionate pe aceast\u0103 pagin\u0103.\" \/>\n<meta property=\"og:url\" content=\"https:\/\/saevia.ro\/fr\/termes-et-conditions\/\" \/>\n<meta property=\"og:site_name\" content=\"Saevia\" \/>\n<meta property=\"article:modified_time\" content=\"2024-04-08T18:52:30+00:00\" \/>\n<meta name=\"twitter:card\" content=\"summary_large_image\" \/>\n<meta name=\"twitter:label1\" content=\"Dur\u00e9e de lecture estim\u00e9e\" \/>\n\t<meta name=\"twitter:data1\" content=\"7 minutes\" \/>\n<script type=\"application\/ld+json\" class=\"yoast-schema-graph\">{\"@context\":\"https:\\\/\\\/schema.org\",\"@graph\":[{\"@type\":\"WebPage\",\"@id\":\"https:\\\/\\\/saevia.ro\\\/termeni-si-conditii\\\/\",\"url\":\"https:\\\/\\\/saevia.ro\\\/termeni-si-conditii\\\/\",\"name\":\"Termeni si Conditii - Saevia\",\"isPartOf\":{\"@id\":\"https:\\\/\\\/saevia.ro\\\/#website\"},\"datePublished\":\"2024-04-03T06:28:51+00:00\",\"dateModified\":\"2024-04-08T18:52:30+00:00\",\"description\":\"Prin accesarea acestui site web presupunem c\u0103 accepta\u021bi ace\u0219ti termeni \u0219i condi\u021bii. Nu continua\u021bi s\u0103 utiliza\u021bi Saevia dac\u0103 nu sunte\u021bi de acord s\u0103 accepta\u021bi to\u021bi termenii \u0219i condi\u021biile men\u021bionate pe aceast\u0103 pagin\u0103.\",\"breadcrumb\":{\"@id\":\"https:\\\/\\\/saevia.ro\\\/termeni-si-conditii\\\/#breadcrumb\"},\"inLanguage\":\"fr-FR\",\"potentialAction\":[{\"@type\":\"ReadAction\",\"target\":[\"https:\\\/\\\/saevia.ro\\\/termeni-si-conditii\\\/\"]}]},{\"@type\":\"BreadcrumbList\",\"@id\":\"https:\\\/\\\/saevia.ro\\\/termeni-si-conditii\\\/#breadcrumb\",\"itemListElement\":[{\"@type\":\"ListItem\",\"position\":1,\"name\":\"Home\",\"item\":\"https:\\\/\\\/saevia.ro\\\/\"},{\"@type\":\"ListItem\",\"position\":2,\"name\":\"Termeni si Conditii\"}]},{\"@type\":\"WebSite\",\"@id\":\"https:\\\/\\\/saevia.ro\\\/#website\",\"url\":\"https:\\\/\\\/saevia.ro\\\/\",\"name\":\"Saevia\",\"description\":\"Pentru sanatatea ta!\",\"publisher\":{\"@id\":\"https:\\\/\\\/saevia.ro\\\/#organization\"},\"potentialAction\":[{\"@type\":\"SearchAction\",\"target\":{\"@type\":\"EntryPoint\",\"urlTemplate\":\"https:\\\/\\\/saevia.ro\\\/?s={search_term_string}\"},\"query-input\":{\"@type\":\"PropertyValueSpecification\",\"valueRequired\":true,\"valueName\":\"search_term_string\"}}],\"inLanguage\":\"fr-FR\"},{\"@type\":\"Organization\",\"@id\":\"https:\\\/\\\/saevia.ro\\\/#organization\",\"name\":\"Saevia\",\"url\":\"https:\\\/\\\/saevia.ro\\\/\",\"logo\":{\"@type\":\"ImageObject\",\"inLanguage\":\"fr-FR\",\"@id\":\"https:\\\/\\\/saevia.ro\\\/#\\\/schema\\\/logo\\\/image\\\/\",\"url\":\"https:\\\/\\\/saevia.ro\\\/wp-content\\\/uploads\\\/2024\\\/04\\\/logo_preview__1_-removebg-preview-1.png\",\"contentUrl\":\"https:\\\/\\\/saevia.ro\\\/wp-content\\\/uploads\\\/2024\\\/04\\\/logo_preview__1_-removebg-preview-1.png\",\"width\":638,\"height\":162,\"caption\":\"Saevia\"},\"image\":{\"@id\":\"https:\\\/\\\/saevia.ro\\\/#\\\/schema\\\/logo\\\/image\\\/\"}}]}<\/script>\n<!-- \/ Yoast SEO plugin. -->","yoast_head_json":{"title":"Conditions g\u00e9n\u00e9rales de vente - Saevia","description":"En acc\u00e9dant \u00e0 ce site Web, nous supposons que vous acceptez ces termes et conditions. Ne continuez pas \u00e0 utiliser Saevia si vous n'acceptez pas tous les termes et conditions \u00e9nonc\u00e9s sur cette page.","robots":{"index":"index","follow":"follow","max-snippet":"max-snippet:-1","max-image-preview":"max-image-preview:large","max-video-preview":"max-video-preview:-1"},"canonical":"https:\/\/saevia.ro\/fr\/termes-et-conditions\/","og_locale":"fr_FR","og_type":"article","og_title":"Termeni si Conditii - Saevia","og_description":"Prin accesarea acestui site web presupunem c\u0103 accepta\u021bi ace\u0219ti termeni \u0219i condi\u021bii. Nu continua\u021bi s\u0103 utiliza\u021bi Saevia dac\u0103 nu sunte\u021bi de acord s\u0103 accepta\u021bi to\u021bi termenii \u0219i condi\u021biile men\u021bionate pe aceast\u0103 pagin\u0103.","og_url":"https:\/\/saevia.ro\/fr\/termes-et-conditions\/","og_site_name":"Saevia","article_modified_time":"2024-04-08T18:52:30+00:00","twitter_card":"summary_large_image","twitter_misc":{"Dur\u00e9e de lecture estim\u00e9e":"7 minutes"},"schema":{"@context":"https:\/\/schema.org","@graph":[{"@type":"WebPage","@id":"https:\/\/saevia.ro\/termeni-si-conditii\/","url":"https:\/\/saevia.ro\/termeni-si-conditii\/","name":"Conditions g\u00e9n\u00e9rales de vente - Saevia","isPartOf":{"@id":"https:\/\/saevia.ro\/#website"},"datePublished":"2024-04-03T06:28:51+00:00","dateModified":"2024-04-08T18:52:30+00:00","description":"En acc\u00e9dant \u00e0 ce site Web, nous supposons que vous acceptez ces termes et conditions. Ne continuez pas \u00e0 utiliser Saevia si vous n'acceptez pas tous les termes et conditions \u00e9nonc\u00e9s sur cette page.","breadcrumb":{"@id":"https:\/\/saevia.ro\/termeni-si-conditii\/#breadcrumb"},"inLanguage":"fr-FR","potentialAction":[{"@type":"ReadAction","target":["https:\/\/saevia.ro\/termeni-si-conditii\/"]}]},{"@type":"BreadcrumbList","@id":"https:\/\/saevia.ro\/termeni-si-conditii\/#breadcrumb","itemListElement":[{"@type":"ListItem","position":1,"name":"Home","item":"https:\/\/saevia.ro\/"},{"@type":"ListItem","position":2,"name":"Termeni si Conditii"}]},{"@type":"WebSite","@id":"https:\/\/saevia.ro\/#website","url":"https:\/\/saevia.ro\/","name":"Saevia","description":"Pour ta sant\u00e9!","publisher":{"@id":"https:\/\/saevia.ro\/#organization"},"potentialAction":[{"@type":"SearchAction","target":{"@type":"EntryPoint","urlTemplate":"https:\/\/saevia.ro\/?s={search_term_string}"},"query-input":{"@type":"PropertyValueSpecification","valueRequired":true,"valueName":"search_term_string"}}],"inLanguage":"fr-FR"},{"@type":"Organization","@id":"https:\/\/saevia.ro\/#organization","name":"Saevia","url":"https:\/\/saevia.ro\/","logo":{"@type":"ImageObject","inLanguage":"fr-FR","@id":"https:\/\/saevia.ro\/#\/schema\/logo\/image\/","url":"https:\/\/saevia.ro\/wp-content\/uploads\/2024\/04\/logo_preview__1_-removebg-preview-1.png","contentUrl":"https:\/\/saevia.ro\/wp-content\/uploads\/2024\/04\/logo_preview__1_-removebg-preview-1.png","width":638,"height":162,"caption":"Saevia"},"image":{"@id":"https:\/\/saevia.ro\/#\/schema\/logo\/image\/"}}]}},"_links":{"self":[{"href":"https:\/\/saevia.ro\/fr\/wp-json\/wp\/v2\/pages\/60","targetHints":{"allow":["GET"]}}],"collection":[{"href":"https:\/\/saevia.ro\/fr\/wp-json\/wp\/v2\/pages"}],"about":[{"href":"https:\/\/saevia.ro\/fr\/wp-json\/wp\/v2\/types\/page"}],"author":[{"embeddable":true,"href":"https:\/\/saevia.ro\/fr\/wp-json\/wp\/v2\/users\/1"}],"replies":[{"embeddable":true,"href":"https:\/\/saevia.ro\/fr\/wp-json\/wp\/v2\/comments?post=60"}],"version-history":[{"count":5,"href":"https:\/\/saevia.ro\/fr\/wp-json\/wp\/v2\/pages\/60\/revisions"}],"predecessor-version":[{"id":741,"href":"https:\/\/saevia.ro\/fr\/wp-json\/wp\/v2\/pages\/60\/revisions\/741"}],"wp:attachment":[{"href":"https:\/\/saevia.ro\/fr\/wp-json\/wp\/v2\/media?parent=60"}],"curies":[{"name":"wp","href":"https:\/\/api.w.org\/{rel}","templated":true}]}}