{"id":50,"date":"2024-04-03T09:25:22","date_gmt":"2024-04-03T06:25:22","guid":{"rendered":"https:\/\/saevia.ro\/?page_id=50"},"modified":"2024-04-08T21:47:31","modified_gmt":"2024-04-08T18:47:31","slug":"politica-cookies","status":"publish","type":"page","link":"https:\/\/saevia.ro\/fr\/politique-de-cookies\/","title":{"rendered":"Politique de cookies"},"content":{"rendered":"<div data-elementor-type=\"wp-page\" data-elementor-id=\"50\" class=\"elementor elementor-50\" data-elementor-post-type=\"page\">\n\t\t\t\t<div class=\"elementor-element elementor-element-2aa0b423 e-flex e-con-boxed e-con e-parent\" data-id=\"2aa0b423\" data-element_type=\"container\" data-e-type=\"container\">\n\t\t\t\t\t<div class=\"e-con-inner\">\n\t\t\t\t<div class=\"elementor-element elementor-element-16f61387 elementor-widget elementor-widget-text-editor\" data-id=\"16f61387\" data-element_type=\"widget\" data-e-type=\"widget\" data-widget_type=\"text-editor.default\">\n\t\t\t\t<div class=\"elementor-widget-container\">\n\t\t\t\t\t\t\t\t\t\n<h1 class=\"wp-block-heading\">Politique de cookies pour Saevia<\/h1>\n\n\n\n<p>Il s&#039;agit de la politique en mati\u00e8re de cookies de Saevia, accessible depuis https:\/\/saevia.ro\/<\/p>\n\n\n\n<p><strong>Que sont les cookies<\/strong><\/p>\n\n\n\n<p>Comme c'est une pratique courante sur presque tous les sites Web professionnels, ce site utilise des cookies, qui sont de petits fichiers t\u00e9l\u00e9charg\u00e9s sur votre ordinateur, pour am\u00e9liorer votre exp\u00e9rience. Cette page d\u00e9crit les informations que nous collectons, comment nous les utilisons et pourquoi nous devons parfois stocker ces cookies. Nous montrerons \u00e9galement comment vous pouvez emp\u00eacher le stockage de ces cookies, cependant cela peut r\u00e9duire ou \u00ab casser \u00bb certains \u00e9l\u00e9ments de la fonctionnalit\u00e9 du site.<\/p>\n\n\n\n<p><strong>Comment nous utilisons les cookies<\/strong><\/p>\n\n\n\n<p>Nous utilisons des cookies pour diverses raisons d\u00e9taill\u00e9es ci-dessous. Malheureusement, dans la plupart des cas, il n'existe aucune option standard de l'industrie pour d\u00e9sactiver les cookies sans d\u00e9sactiver compl\u00e8tement les fonctionnalit\u00e9s et les caract\u00e9ristiques qu'ils ajoutent \u00e0 ce site. Il est recommand\u00e9 de laisser tous les cookies activ\u00e9s si vous n'\u00eates pas s\u00fbr d'en avoir besoin ou non s'ils sont utilis\u00e9s pour fournir un service que vous utilisez.<\/p>\n\n\n\n<p><strong>D\u00e9sactivation des cookies<\/strong><\/p>\n\n\n\n<p>Vous pouvez emp\u00eacher l'installation de cookies en ajustant les param\u00e8tres de votre navigateur (consultez l'aide de votre navigateur pour savoir comment proc\u00e9der). Notez que la d\u00e9sactivation des cookies affectera la fonctionnalit\u00e9 de ce site Web et de nombreux autres sites Web que vous visitez. La d\u00e9sactivation des cookies d\u00e9sactivera g\u00e9n\u00e9ralement certaines fonctionnalit\u00e9s et caract\u00e9ristiques de ce site. Il est donc recommand\u00e9 de ne pas d\u00e9sactiver les cookies. <\/p>\n\n\n\n<p><strong>Les cookies que nous d\u00e9finissons<\/strong><\/p>\n\n\n\n<ul class=\"wp-block-list\">\n<li>Cookies li\u00e9s aux formulaires Lorsque vous soumettez des donn\u00e9es via un formulaire, tels que ceux trouv\u00e9s sur les pages de contact ou les formulaires de commentaires, des cookies peuvent \u00eatre d\u00e9finis pour m\u00e9moriser les d\u00e9tails de l'utilisateur pour une correspondance future.<\/li>\n\n\n\n<li>Cookies de pr\u00e9f\u00e9rences du site Pour vous offrir une excellente exp\u00e9rience sur ce site, nous vous fournissons la fonctionnalit\u00e9 permettant de d\u00e9finir vos pr\u00e9f\u00e9rences quant au fonctionnement de ce site lorsque vous l'utilisez. Pour m\u00e9moriser vos pr\u00e9f\u00e9rences, nous devons d\u00e9finir des cookies afin que ces informations puissent \u00eatre appel\u00e9es chaque fois que vous interagissez avec une page affect\u00e9e par vos pr\u00e9f\u00e9rences.<\/li>\n<\/ul>\n\n\n\n<p><strong>Cookies de tiers<\/strong><\/p>\n\n\n\n<p>Dans certains cas particuliers, nous utilisons \u00e9galement des cookies fournis par des tiers de confiance. La section suivante d\u00e9taille les cookies tiers que vous pouvez rencontrer via ce site Web.<\/p>\n\n\n\n<ul class=\"wp-block-list\">\n<li>Ce site utilise Google Analytics, qui est l'une des solutions d'analyse les plus utilis\u00e9es et les plus fiables sur le Web, pour nous aider \u00e0 comprendre comment vous utilisez le site et comment nous pouvons am\u00e9liorer votre exp\u00e9rience. Ces cookies peuvent suivre des \u00e9l\u00e9ments tels que le temps que vous passez sur le site et les pages que vous visitez afin que nous puissions continuer \u00e0 produire un contenu attrayant. Pour plus d'informations sur les cookies de Google Analytics, consultez la page officielle de Google Analytics.<\/li>\n\n\n\n<li>De temps en temps, nous testons de nouvelles fonctionnalit\u00e9s et apportons des modifications subtiles \u00e0 la mani\u00e8re dont le site est livr\u00e9. Lorsque nous testons encore de nouvelles fonctionnalit\u00e9s, ces cookies peuvent \u00eatre utilis\u00e9s pour garantir que vous b\u00e9n\u00e9ficiez d'une exp\u00e9rience coh\u00e9rente sur le site, tout en garantissant que nous comprenons les optimisations que nos utilisateurs appr\u00e9cient le plus.<\/li>\n\n\n\n<li>Nous utilisons \u00e9galement des boutons et\/ou plugins de r\u00e9seaux sociaux sur ce site qui vous permettent de vous connecter \u00e0 votre r\u00e9seau social de diff\u00e9rentes mani\u00e8res. Pour qu'ils travaillent sur les sites de m\u00e9dias sociaux suivants, notamment\u00a0: {Listez les r\u00e9seaux sociaux dont vous avez int\u00e9gr\u00e9 les fonctionnalit\u00e9s \u00e0 votre site\u00a0?:12}, installeront des cookies via notre site, qui peuvent \u00eatre utilis\u00e9s pour am\u00e9liorer votre profil sur leur site ou pour contribuer aux donn\u00e9es qu'ils d\u00e9tiennent \u00e0 diverses fins d\u00e9crites dans leur confidentialit\u00e9 respective. Strat\u00e9gies.<\/li>\n<\/ul>\n\n\n\n<p><strong>Plus d'information<\/strong><\/p>\n\n\n\n<p>Nous esp\u00e9rons que cela clarifie les choses pour vous, et comme mentionn\u00e9 pr\u00e9c\u00e9demment, s'il y a quelque chose dont vous n'\u00eates pas s\u00fbr d'avoir besoin ou non, il est g\u00e9n\u00e9ralement plus s\u00fbr de laisser les cookies activ\u00e9s au cas o\u00f9 ils interagissent avec l'une des fonctionnalit\u00e9s que vous utilisez. notre site Web.<\/p>\n\n\n\n<p>Toutefois, si vous recherchez toujours plus d'informations, vous pouvez nous contacter via l'une de nos m\u00e9thodes de contact pr\u00e9f\u00e9r\u00e9es\u00a0:<\/p>\n\n\n\n<ul class=\"wp-block-list\">\n<li>En acc\u00e9dant \u00e0 ce lien : https:\/\/saevia.ro\/contact\/<\/li>\n<\/ul>\n\t\t\t\t\t\t\t\t<\/div>\n\t\t\t\t<\/div>\n\t\t\t\t\t<\/div>\n\t\t\t\t<\/div>\n\t\t\t\t<\/div>","protected":false},"excerpt":{"rendered":"<p>Politica privind cookie-urile pentru Saevia Aceasta este Politica de cookie-uri pentru Saevia, accesibil\u0103 de pe https:\/\/saevia.ro\/ Ce sunt cookie-urile A\u0219a [&hellip;]<\/p>","protected":false},"author":1,"featured_media":0,"parent":0,"menu_order":0,"comment_status":"closed","ping_status":"closed","template":"","meta":{"site-sidebar-layout":"default","site-content-layout":"","ast-site-content-layout":"default","site-content-style":"default","site-sidebar-style":"default","ast-global-header-display":"","ast-banner-title-visibility":"","ast-main-header-display":"","ast-hfb-above-header-display":"","ast-hfb-below-header-display":"","ast-hfb-mobile-header-display":"","site-post-title":"disabled","ast-breadcrumbs-content":"","ast-featured-img":"","footer-sml-layout":"","ast-disable-related-posts":"","theme-transparent-header-meta":"","adv-header-id-meta":"","stick-header-meta":"","header-above-stick-meta":"","header-main-stick-meta":"","header-below-stick-meta":"","astra-migrate-meta-layouts":"default","ast-page-background-enabled":"default","ast-page-background-meta":{"desktop":{"background-color":"var(--ast-global-color-4)","background-image":"","background-repeat":"repeat","background-position":"center center","background-size":"auto","background-attachment":"scroll","background-type":"","background-media":"","overlay-type":"","overlay-color":"","overlay-opacity":"","overlay-gradient":""},"tablet":{"background-color":"","background-image":"","background-repeat":"repeat","background-position":"center center","background-size":"auto","background-attachment":"scroll","background-type":"","background-media":"","overlay-type":"","overlay-color":"","overlay-opacity":"","overlay-gradient":""},"mobile":{"background-color":"","background-image":"","background-repeat":"repeat","background-position":"center center","background-size":"auto","background-attachment":"scroll","background-type":"","background-media":"","overlay-type":"","overlay-color":"","overlay-opacity":"","overlay-gradient":""}},"ast-content-background-meta":{"desktop":{"background-color":"var(--ast-global-color-5)","background-image":"","background-repeat":"repeat","background-position":"center center","background-size":"auto","background-attachment":"scroll","background-type":"","background-media":"","overlay-type":"","overlay-color":"","overlay-opacity":"","overlay-gradient":""},"tablet":{"background-color":"var(--ast-global-color-5)","background-image":"","background-repeat":"repeat","background-position":"center center","background-size":"auto","background-attachment":"scroll","background-type":"","background-media":"","overlay-type":"","overlay-color":"","overlay-opacity":"","overlay-gradient":""},"mobile":{"background-color":"var(--ast-global-color-5)","background-image":"","background-repeat":"repeat","background-position":"center center","background-size":"auto","background-attachment":"scroll","background-type":"","background-media":"","overlay-type":"","overlay-color":"","overlay-opacity":"","overlay-gradient":""}},"footnotes":""},"class_list":["post-50","page","type-page","status-publish","hentry"],"yoast_head":"<!-- This site is optimized with the Yoast SEO plugin v27.4 - https:\/\/yoast.com\/product\/yoast-seo-wordpress\/ -->\n<title>Politica Cookies - Saevia<\/title>\n<meta name=\"description\" content=\"A\u0219a cum este practica obi\u0219nuit\u0103 cu aproape toate site-urile web profesionale, acest site folose\u0219te cookie-uri, care sunt fi\u0219iere minuscule care sunt desc\u0103rcate pe computerul dvs., pentru a v\u0103 \u00eembun\u0103t\u0103\u021bi experien\u021ba. Aceast\u0103 pagin\u0103 descrie ce informa\u021bii adun\u0103, cum le folosim \u0219i de ce uneori trebuie s\u0103 stoc\u0103m aceste cookie-uri. De asemenea, vom prezenta modul \u00een care pute\u021bi \u00eempiedica stocarea acestor cookie-uri, totu\u0219i acest lucru poate reduce sau \u201erupe\u201d anumite elemente ale func\u021bionalit\u0103\u021bii site-urilor.\" \/>\n<meta name=\"robots\" content=\"index, follow, max-snippet:-1, max-image-preview:large, max-video-preview:-1\" \/>\n<link rel=\"canonical\" href=\"https:\/\/saevia.ro\/fr\/politique-de-cookies\/\" \/>\n<meta property=\"og:locale\" content=\"fr_FR\" \/>\n<meta property=\"og:type\" content=\"article\" \/>\n<meta property=\"og:title\" content=\"Politica Cookies - Saevia\" \/>\n<meta property=\"og:description\" content=\"A\u0219a cum este practica obi\u0219nuit\u0103 cu aproape toate site-urile web profesionale, acest site folose\u0219te cookie-uri, care sunt fi\u0219iere minuscule care sunt desc\u0103rcate pe computerul dvs., pentru a v\u0103 \u00eembun\u0103t\u0103\u021bi experien\u021ba. Aceast\u0103 pagin\u0103 descrie ce informa\u021bii adun\u0103, cum le folosim \u0219i de ce uneori trebuie s\u0103 stoc\u0103m aceste cookie-uri. De asemenea, vom prezenta modul \u00een care pute\u021bi \u00eempiedica stocarea acestor cookie-uri, totu\u0219i acest lucru poate reduce sau \u201erupe\u201d anumite elemente ale func\u021bionalit\u0103\u021bii site-urilor.\" \/>\n<meta property=\"og:url\" content=\"https:\/\/saevia.ro\/fr\/politique-de-cookies\/\" \/>\n<meta property=\"og:site_name\" content=\"Saevia\" \/>\n<meta property=\"article:modified_time\" content=\"2024-04-08T18:47:31+00:00\" \/>\n<meta name=\"twitter:card\" content=\"summary_large_image\" \/>\n<meta name=\"twitter:label1\" content=\"Dur\u00e9e de lecture estim\u00e9e\" \/>\n\t<meta name=\"twitter:data1\" content=\"3 minutes\" \/>\n<script type=\"application\/ld+json\" class=\"yoast-schema-graph\">{\"@context\":\"https:\\\/\\\/schema.org\",\"@graph\":[{\"@type\":\"WebPage\",\"@id\":\"https:\\\/\\\/saevia.ro\\\/politica-cookies\\\/\",\"url\":\"https:\\\/\\\/saevia.ro\\\/politica-cookies\\\/\",\"name\":\"Politica Cookies - Saevia\",\"isPartOf\":{\"@id\":\"https:\\\/\\\/saevia.ro\\\/#website\"},\"datePublished\":\"2024-04-03T06:25:22+00:00\",\"dateModified\":\"2024-04-08T18:47:31+00:00\",\"description\":\"A\u0219a cum este practica obi\u0219nuit\u0103 cu aproape toate site-urile web profesionale, acest site folose\u0219te cookie-uri, care sunt fi\u0219iere minuscule care sunt desc\u0103rcate pe computerul dvs., pentru a v\u0103 \u00eembun\u0103t\u0103\u021bi experien\u021ba. Aceast\u0103 pagin\u0103 descrie ce informa\u021bii adun\u0103, cum le folosim \u0219i de ce uneori trebuie s\u0103 stoc\u0103m aceste cookie-uri. De asemenea, vom prezenta modul \u00een care pute\u021bi \u00eempiedica stocarea acestor cookie-uri, totu\u0219i acest lucru poate reduce sau \u201erupe\u201d anumite elemente ale func\u021bionalit\u0103\u021bii site-urilor.\",\"breadcrumb\":{\"@id\":\"https:\\\/\\\/saevia.ro\\\/politica-cookies\\\/#breadcrumb\"},\"inLanguage\":\"fr-FR\",\"potentialAction\":[{\"@type\":\"ReadAction\",\"target\":[\"https:\\\/\\\/saevia.ro\\\/politica-cookies\\\/\"]}]},{\"@type\":\"BreadcrumbList\",\"@id\":\"https:\\\/\\\/saevia.ro\\\/politica-cookies\\\/#breadcrumb\",\"itemListElement\":[{\"@type\":\"ListItem\",\"position\":1,\"name\":\"Home\",\"item\":\"https:\\\/\\\/saevia.ro\\\/\"},{\"@type\":\"ListItem\",\"position\":2,\"name\":\"Politica Cookies\"}]},{\"@type\":\"WebSite\",\"@id\":\"https:\\\/\\\/saevia.ro\\\/#website\",\"url\":\"https:\\\/\\\/saevia.ro\\\/\",\"name\":\"Saevia\",\"description\":\"Pentru sanatatea ta!\",\"publisher\":{\"@id\":\"https:\\\/\\\/saevia.ro\\\/#organization\"},\"potentialAction\":[{\"@type\":\"SearchAction\",\"target\":{\"@type\":\"EntryPoint\",\"urlTemplate\":\"https:\\\/\\\/saevia.ro\\\/?s={search_term_string}\"},\"query-input\":{\"@type\":\"PropertyValueSpecification\",\"valueRequired\":true,\"valueName\":\"search_term_string\"}}],\"inLanguage\":\"fr-FR\"},{\"@type\":\"Organization\",\"@id\":\"https:\\\/\\\/saevia.ro\\\/#organization\",\"name\":\"Saevia\",\"url\":\"https:\\\/\\\/saevia.ro\\\/\",\"logo\":{\"@type\":\"ImageObject\",\"inLanguage\":\"fr-FR\",\"@id\":\"https:\\\/\\\/saevia.ro\\\/#\\\/schema\\\/logo\\\/image\\\/\",\"url\":\"https:\\\/\\\/saevia.ro\\\/wp-content\\\/uploads\\\/2024\\\/04\\\/logo_preview__1_-removebg-preview-1.png\",\"contentUrl\":\"https:\\\/\\\/saevia.ro\\\/wp-content\\\/uploads\\\/2024\\\/04\\\/logo_preview__1_-removebg-preview-1.png\",\"width\":638,\"height\":162,\"caption\":\"Saevia\"},\"image\":{\"@id\":\"https:\\\/\\\/saevia.ro\\\/#\\\/schema\\\/logo\\\/image\\\/\"}}]}<\/script>\n<!-- \/ Yoast SEO plugin. -->","yoast_head_json":{"title":"Politique de cookies - Saevia","description":"Comme c'est une pratique courante sur presque tous les sites Web professionnels, ce site utilise des cookies, qui sont de petits fichiers t\u00e9l\u00e9charg\u00e9s sur votre ordinateur, pour am\u00e9liorer votre exp\u00e9rience. Cette page d\u00e9crit les informations que nous collectons, comment nous les utilisons et pourquoi nous devons parfois stocker ces cookies. Nous montrerons \u00e9galement comment vous pouvez emp\u00eacher le stockage de ces cookies, cependant cela peut r\u00e9duire ou \u00ab casser \u00bb certains \u00e9l\u00e9ments de la fonctionnalit\u00e9 du site.","robots":{"index":"index","follow":"follow","max-snippet":"max-snippet:-1","max-image-preview":"max-image-preview:large","max-video-preview":"max-video-preview:-1"},"canonical":"https:\/\/saevia.ro\/fr\/politique-de-cookies\/","og_locale":"fr_FR","og_type":"article","og_title":"Politica Cookies - Saevia","og_description":"A\u0219a cum este practica obi\u0219nuit\u0103 cu aproape toate site-urile web profesionale, acest site folose\u0219te cookie-uri, care sunt fi\u0219iere minuscule care sunt desc\u0103rcate pe computerul dvs., pentru a v\u0103 \u00eembun\u0103t\u0103\u021bi experien\u021ba. Aceast\u0103 pagin\u0103 descrie ce informa\u021bii adun\u0103, cum le folosim \u0219i de ce uneori trebuie s\u0103 stoc\u0103m aceste cookie-uri. De asemenea, vom prezenta modul \u00een care pute\u021bi \u00eempiedica stocarea acestor cookie-uri, totu\u0219i acest lucru poate reduce sau \u201erupe\u201d anumite elemente ale func\u021bionalit\u0103\u021bii site-urilor.","og_url":"https:\/\/saevia.ro\/fr\/politique-de-cookies\/","og_site_name":"Saevia","article_modified_time":"2024-04-08T18:47:31+00:00","twitter_card":"summary_large_image","twitter_misc":{"Dur\u00e9e de lecture estim\u00e9e":"3 minutes"},"schema":{"@context":"https:\/\/schema.org","@graph":[{"@type":"WebPage","@id":"https:\/\/saevia.ro\/politica-cookies\/","url":"https:\/\/saevia.ro\/politica-cookies\/","name":"Politique de cookies - Saevia","isPartOf":{"@id":"https:\/\/saevia.ro\/#website"},"datePublished":"2024-04-03T06:25:22+00:00","dateModified":"2024-04-08T18:47:31+00:00","description":"Comme c'est une pratique courante sur presque tous les sites Web professionnels, ce site utilise des cookies, qui sont de petits fichiers t\u00e9l\u00e9charg\u00e9s sur votre ordinateur, pour am\u00e9liorer votre exp\u00e9rience. Cette page d\u00e9crit les informations que nous collectons, comment nous les utilisons et pourquoi nous devons parfois stocker ces cookies. Nous montrerons \u00e9galement comment vous pouvez emp\u00eacher le stockage de ces cookies, cependant cela peut r\u00e9duire ou \u00ab casser \u00bb certains \u00e9l\u00e9ments de la fonctionnalit\u00e9 du site.","breadcrumb":{"@id":"https:\/\/saevia.ro\/politica-cookies\/#breadcrumb"},"inLanguage":"fr-FR","potentialAction":[{"@type":"ReadAction","target":["https:\/\/saevia.ro\/politica-cookies\/"]}]},{"@type":"BreadcrumbList","@id":"https:\/\/saevia.ro\/politica-cookies\/#breadcrumb","itemListElement":[{"@type":"ListItem","position":1,"name":"Home","item":"https:\/\/saevia.ro\/"},{"@type":"ListItem","position":2,"name":"Politica Cookies"}]},{"@type":"WebSite","@id":"https:\/\/saevia.ro\/#website","url":"https:\/\/saevia.ro\/","name":"Saevia","description":"Pour ta sant\u00e9!","publisher":{"@id":"https:\/\/saevia.ro\/#organization"},"potentialAction":[{"@type":"SearchAction","target":{"@type":"EntryPoint","urlTemplate":"https:\/\/saevia.ro\/?s={search_term_string}"},"query-input":{"@type":"PropertyValueSpecification","valueRequired":true,"valueName":"search_term_string"}}],"inLanguage":"fr-FR"},{"@type":"Organization","@id":"https:\/\/saevia.ro\/#organization","name":"Saevia","url":"https:\/\/saevia.ro\/","logo":{"@type":"ImageObject","inLanguage":"fr-FR","@id":"https:\/\/saevia.ro\/#\/schema\/logo\/image\/","url":"https:\/\/saevia.ro\/wp-content\/uploads\/2024\/04\/logo_preview__1_-removebg-preview-1.png","contentUrl":"https:\/\/saevia.ro\/wp-content\/uploads\/2024\/04\/logo_preview__1_-removebg-preview-1.png","width":638,"height":162,"caption":"Saevia"},"image":{"@id":"https:\/\/saevia.ro\/#\/schema\/logo\/image\/"}}]}},"_links":{"self":[{"href":"https:\/\/saevia.ro\/fr\/wp-json\/wp\/v2\/pages\/50","targetHints":{"allow":["GET"]}}],"collection":[{"href":"https:\/\/saevia.ro\/fr\/wp-json\/wp\/v2\/pages"}],"about":[{"href":"https:\/\/saevia.ro\/fr\/wp-json\/wp\/v2\/types\/page"}],"author":[{"embeddable":true,"href":"https:\/\/saevia.ro\/fr\/wp-json\/wp\/v2\/users\/1"}],"replies":[{"embeddable":true,"href":"https:\/\/saevia.ro\/fr\/wp-json\/wp\/v2\/comments?post=50"}],"version-history":[{"count":7,"href":"https:\/\/saevia.ro\/fr\/wp-json\/wp\/v2\/pages\/50\/revisions"}],"predecessor-version":[{"id":736,"href":"https:\/\/saevia.ro\/fr\/wp-json\/wp\/v2\/pages\/50\/revisions\/736"}],"wp:attachment":[{"href":"https:\/\/saevia.ro\/fr\/wp-json\/wp\/v2\/media?parent=50"}],"curies":[{"name":"wp","href":"https:\/\/api.w.org\/{rel}","templated":true}]}}