{"id":41,"date":"2024-04-03T09:23:58","date_gmt":"2024-04-03T06:23:58","guid":{"rendered":"https:\/\/saevia.ro\/?page_id=41"},"modified":"2024-04-11T09:49:13","modified_gmt":"2024-04-11T06:49:13","slug":"parteneri","status":"publish","type":"page","link":"https:\/\/saevia.ro\/fr\/partenaire\/","title":{"rendered":"Partenaires"},"content":{"rendered":"<div data-elementor-type=\"wp-page\" data-elementor-id=\"41\" class=\"elementor elementor-41\" data-elementor-post-type=\"page\">\n\t\t\t\t<div class=\"elementor-element elementor-element-0c4a0c8 e-con-full e-flex e-con e-parent\" data-id=\"0c4a0c8\" data-element_type=\"container\" data-e-type=\"container\" data-settings=\"{&quot;background_background&quot;:&quot;classic&quot;}\">\n\t\t\t\t<div class=\"elementor-element elementor-element-689a9e8 elementor-widget elementor-widget-heading\" data-id=\"689a9e8\" data-element_type=\"widget\" data-e-type=\"widget\" data-widget_type=\"heading.default\">\n\t\t\t\t<div class=\"elementor-widget-container\">\n\t\t\t\t\t<h1 class=\"elementor-heading-title elementor-size-default\">PARTENAIRES<\/h1>\t\t\t\t<\/div>\n\t\t\t\t<\/div>\n\t\t\t\t<\/div>\n\t\t<div class=\"elementor-element elementor-element-a2fd410 e-flex e-con-boxed e-con e-parent\" data-id=\"a2fd410\" data-element_type=\"container\" data-e-type=\"container\">\n\t\t\t\t\t<div class=\"e-con-inner\">\n\t\t<div class=\"elementor-element elementor-element-732605d e-con-full e-flex e-con e-child\" data-id=\"732605d\" data-element_type=\"container\" data-e-type=\"container\" data-settings=\"{&quot;background_background&quot;:&quot;classic&quot;}\">\n\t\t\t\t<div class=\"elementor-element elementor-element-45f920b elementor-position-top elementor-widget elementor-widget-image-box\" data-id=\"45f920b\" data-element_type=\"widget\" data-e-type=\"widget\" data-widget_type=\"image-box.default\">\n\t\t\t\t<div class=\"elementor-widget-container\">\n\t\t\t\t\t<div class=\"elementor-image-box-wrapper\"><figure class=\"elementor-image-box-img\"><img decoding=\"async\" width=\"260\" height=\"78\" src=\"https:\/\/saevia.ro\/wp-content\/uploads\/2024\/04\/logo-png-260.png\" class=\"attachment-full size-full wp-image-118\" alt=\"\" srcset=\"https:\/\/saevia.ro\/wp-content\/uploads\/2024\/04\/logo-png-260.png 260w, https:\/\/saevia.ro\/wp-content\/uploads\/2024\/04\/logo-png-260-18x5.png 18w\" sizes=\"(max-width: 260px) 100vw, 260px\" \/><\/figure><div class=\"elementor-image-box-content\"><p class=\"elementor-image-box-description\">Depuis plus de 20 ans, PhosphoTech est fournisseur d\u2019ingr\u00e9dients marins et naturels engag\u00e9 dans une d\u00e9marche sinc\u00e8re de durabilit\u00e9.<\/p><\/div><\/div>\t\t\t\t<\/div>\n\t\t\t\t<\/div>\n\t\t\t\t<div class=\"elementor-element elementor-element-7347229 elementor-align-center elementor-widget elementor-widget-button\" data-id=\"7347229\" data-element_type=\"widget\" data-e-type=\"widget\" data-widget_type=\"button.default\">\n\t\t\t\t<div class=\"elementor-widget-container\">\n\t\t\t\t\t\t\t\t\t<div class=\"elementor-button-wrapper\">\n\t\t\t\t\t<a class=\"elementor-button elementor-button-link elementor-size-sm elementor-animation-grow\" href=\"https:\/\/www.phosphotech.com\/\">\n\t\t\t\t\t\t<span class=\"elementor-button-content-wrapper\">\n\t\t\t\t\t\t\t\t\t<span class=\"elementor-button-text\">En savoir plus<\/span>\n\t\t\t\t\t<\/span>\n\t\t\t\t\t<\/a>\n\t\t\t\t<\/div>\n\t\t\t\t\t\t\t\t<\/div>\n\t\t\t\t<\/div>\n\t\t\t\t<\/div>\n\t\t<div class=\"elementor-element elementor-element-3b441bd e-con-full e-flex e-con e-child\" data-id=\"3b441bd\" data-element_type=\"container\" data-e-type=\"container\" data-settings=\"{&quot;background_background&quot;:&quot;classic&quot;}\">\n\t\t\t\t<div class=\"elementor-element elementor-element-821b63c elementor-position-top elementor-widget elementor-widget-image-box\" data-id=\"821b63c\" data-element_type=\"widget\" data-e-type=\"widget\" data-widget_type=\"image-box.default\">\n\t\t\t\t<div class=\"elementor-widget-container\">\n\t\t\t\t\t<div class=\"elementor-image-box-wrapper\"><figure class=\"elementor-image-box-img\"><img decoding=\"async\" width=\"200\" height=\"200\" src=\"https:\/\/saevia.ro\/wp-content\/uploads\/2024\/04\/image65.jpeg\" class=\"attachment-full size-full wp-image-698\" alt=\"\" srcset=\"https:\/\/saevia.ro\/wp-content\/uploads\/2024\/04\/image65.jpeg 200w, https:\/\/saevia.ro\/wp-content\/uploads\/2024\/04\/image65-150x150.jpeg 150w, https:\/\/saevia.ro\/wp-content\/uploads\/2024\/04\/image65-12x12.jpeg 12w\" sizes=\"(max-width: 200px) 100vw, 200px\" \/><\/figure><div class=\"elementor-image-box-content\"><p class=\"elementor-image-box-description\">Srijan Ingredients est une soci\u00e9t\u00e9 de vente et de marketing d\u2019ingr\u00e9dients bas\u00e9e en Inde qui dessert les march\u00e9s mondiaux de l\u2019alimentation, de la pharmacie, de la nutrition.<\/p><\/div><\/div>\t\t\t\t<\/div>\n\t\t\t\t<\/div>\n\t\t\t\t<div class=\"elementor-element elementor-element-e3b14a0 elementor-align-center elementor-widget elementor-widget-button\" data-id=\"e3b14a0\" data-element_type=\"widget\" data-e-type=\"widget\" data-widget_type=\"button.default\">\n\t\t\t\t<div class=\"elementor-widget-container\">\n\t\t\t\t\t\t\t\t\t<div class=\"elementor-button-wrapper\">\n\t\t\t\t\t<a class=\"elementor-button elementor-button-link elementor-size-sm elementor-animation-grow\" href=\"https:\/\/srijaningredients.co\/\">\n\t\t\t\t\t\t<span class=\"elementor-button-content-wrapper\">\n\t\t\t\t\t\t\t\t\t<span class=\"elementor-button-text\">En savoir plus<\/span>\n\t\t\t\t\t<\/span>\n\t\t\t\t\t<\/a>\n\t\t\t\t<\/div>\n\t\t\t\t\t\t\t\t<\/div>\n\t\t\t\t<\/div>\n\t\t\t\t<\/div>\n\t\t<div class=\"elementor-element elementor-element-9ac283a e-con-full e-flex e-con e-child\" data-id=\"9ac283a\" data-element_type=\"container\" data-e-type=\"container\" data-settings=\"{&quot;background_background&quot;:&quot;classic&quot;}\">\n\t\t\t\t<div class=\"elementor-element elementor-element-6335ff2 elementor-position-top elementor-widget elementor-widget-image-box\" data-id=\"6335ff2\" data-element_type=\"widget\" data-e-type=\"widget\" data-widget_type=\"image-box.default\">\n\t\t\t\t<div class=\"elementor-widget-container\">\n\t\t\t\t\t<div class=\"elementor-image-box-wrapper\"><figure class=\"elementor-image-box-img\"><img decoding=\"async\" width=\"97\" height=\"70\" src=\"https:\/\/saevia.ro\/wp-content\/uploads\/2024\/04\/logo.png\" class=\"attachment-full size-full wp-image-120\" alt=\"\" srcset=\"https:\/\/saevia.ro\/wp-content\/uploads\/2024\/04\/logo.png 97w, https:\/\/saevia.ro\/wp-content\/uploads\/2024\/04\/logo-18x12.png 18w\" sizes=\"(max-width: 97px) 100vw, 97px\" \/><\/figure><div class=\"elementor-image-box-content\"><p class=\"elementor-image-box-description\">Kangcare est une soci\u00e9t\u00e9 cr\u00e9\u00e9e en 2007, produisant et fournissant des ingr\u00e9dients actifs dans les domaines des soins de sant\u00e9 et des soins de la peau dans le monde.<\/p><\/div><\/div>\t\t\t\t<\/div>\n\t\t\t\t<\/div>\n\t\t\t\t<div class=\"elementor-element elementor-element-9ed5bd8 elementor-align-center elementor-widget elementor-widget-button\" data-id=\"9ed5bd8\" data-element_type=\"widget\" data-e-type=\"widget\" data-widget_type=\"button.default\">\n\t\t\t\t<div class=\"elementor-widget-container\">\n\t\t\t\t\t\t\t\t\t<div class=\"elementor-button-wrapper\">\n\t\t\t\t\t<a class=\"elementor-button elementor-button-link elementor-size-sm elementor-animation-grow\" href=\"http:\/\/www.kangcare.com\/\">\n\t\t\t\t\t\t<span class=\"elementor-button-content-wrapper\">\n\t\t\t\t\t\t\t\t\t<span class=\"elementor-button-text\">En savoir plus<\/span>\n\t\t\t\t\t<\/span>\n\t\t\t\t\t<\/a>\n\t\t\t\t<\/div>\n\t\t\t\t\t\t\t\t<\/div>\n\t\t\t\t<\/div>\n\t\t\t\t<\/div>\n\t\t\t\t\t<\/div>\n\t\t\t\t<\/div>\n\t\t\t\t<\/div>","protected":false},"excerpt":{"rendered":"<p>PARTENERI De mai bine de 20 de ani, PhosphoTech este un furnizor de ingrediente marine \u0219i naturale angajate \u00eentr-o abordare [&hellip;]<\/p>","protected":false},"author":1,"featured_media":0,"parent":0,"menu_order":0,"comment_status":"closed","ping_status":"closed","template":"","meta":{"site-sidebar-layout":"no-sidebar","site-content-layout":"","ast-site-content-layout":"full-width-container","site-content-style":"default","site-sidebar-style":"default","ast-global-header-display":"","ast-banner-title-visibility":"","ast-main-header-display":"","ast-hfb-above-header-display":"","ast-hfb-below-header-display":"","ast-hfb-mobile-header-display":"","site-post-title":"disabled","ast-breadcrumbs-content":"","ast-featured-img":"disabled","footer-sml-layout":"","ast-disable-related-posts":"","theme-transparent-header-meta":"","adv-header-id-meta":"","stick-header-meta":"","header-above-stick-meta":"","header-main-stick-meta":"","header-below-stick-meta":"","astra-migrate-meta-layouts":"default","ast-page-background-enabled":"default","ast-page-background-meta":{"desktop":{"background-color":"var(--ast-global-color-4)","background-image":"","background-repeat":"repeat","background-position":"center center","background-size":"auto","background-attachment":"scroll","background-type":"","background-media":"","overlay-type":"","overlay-color":"","overlay-opacity":"","overlay-gradient":""},"tablet":{"background-color":"","background-image":"","background-repeat":"repeat","background-position":"center center","background-size":"auto","background-attachment":"scroll","background-type":"","background-media":"","overlay-type":"","overlay-color":"","overlay-opacity":"","overlay-gradient":""},"mobile":{"background-color":"","background-image":"","background-repeat":"repeat","background-position":"center center","background-size":"auto","background-attachment":"scroll","background-type":"","background-media":"","overlay-type":"","overlay-color":"","overlay-opacity":"","overlay-gradient":""}},"ast-content-background-meta":{"desktop":{"background-color":"var(--ast-global-color-5)","background-image":"","background-repeat":"repeat","background-position":"center center","background-size":"auto","background-attachment":"scroll","background-type":"","background-media":"","overlay-type":"","overlay-color":"","overlay-opacity":"","overlay-gradient":""},"tablet":{"background-color":"var(--ast-global-color-5)","background-image":"","background-repeat":"repeat","background-position":"center center","background-size":"auto","background-attachment":"scroll","background-type":"","background-media":"","overlay-type":"","overlay-color":"","overlay-opacity":"","overlay-gradient":""},"mobile":{"background-color":"var(--ast-global-color-5)","background-image":"","background-repeat":"repeat","background-position":"center center","background-size":"auto","background-attachment":"scroll","background-type":"","background-media":"","overlay-type":"","overlay-color":"","overlay-opacity":"","overlay-gradient":""}},"footnotes":""},"class_list":["post-41","page","type-page","status-publish","hentry"],"yoast_head":"<!-- This site is optimized with the Yoast SEO plugin v27.4 - https:\/\/yoast.com\/product\/yoast-seo-wordpress\/ -->\n<title>Parteneri - Saevia<\/title>\n<meta name=\"robots\" content=\"index, follow, max-snippet:-1, max-image-preview:large, max-video-preview:-1\" \/>\n<link rel=\"canonical\" href=\"https:\/\/saevia.ro\/fr\/partenaire\/\" \/>\n<meta property=\"og:locale\" content=\"fr_FR\" \/>\n<meta property=\"og:type\" content=\"article\" \/>\n<meta property=\"og:title\" content=\"Parteneri - Saevia\" \/>\n<meta property=\"og:description\" content=\"PARTENERI De mai bine de 20 de ani, PhosphoTech este un furnizor de ingrediente marine \u0219i naturale angajate \u00eentr-o abordare [&hellip;]\" \/>\n<meta property=\"og:url\" content=\"https:\/\/saevia.ro\/fr\/partenaire\/\" \/>\n<meta property=\"og:site_name\" content=\"Saevia\" \/>\n<meta property=\"article:modified_time\" content=\"2024-04-11T06:49:13+00:00\" \/>\n<meta property=\"og:image\" content=\"https:\/\/saevia.ro\/wp-content\/uploads\/2024\/04\/logo-png-260.png\" \/>\n<meta name=\"twitter:card\" content=\"summary_large_image\" \/>\n<meta name=\"twitter:label1\" content=\"Dur\u00e9e de lecture estim\u00e9e\" \/>\n\t<meta name=\"twitter:data1\" content=\"1 minute\" \/>\n<script type=\"application\/ld+json\" class=\"yoast-schema-graph\">{\"@context\":\"https:\\\/\\\/schema.org\",\"@graph\":[{\"@type\":\"WebPage\",\"@id\":\"https:\\\/\\\/saevia.ro\\\/parteneri\\\/\",\"url\":\"https:\\\/\\\/saevia.ro\\\/parteneri\\\/\",\"name\":\"Parteneri - Saevia\",\"isPartOf\":{\"@id\":\"https:\\\/\\\/saevia.ro\\\/#website\"},\"primaryImageOfPage\":{\"@id\":\"https:\\\/\\\/saevia.ro\\\/parteneri\\\/#primaryimage\"},\"image\":{\"@id\":\"https:\\\/\\\/saevia.ro\\\/parteneri\\\/#primaryimage\"},\"thumbnailUrl\":\"https:\\\/\\\/saevia.ro\\\/wp-content\\\/uploads\\\/2024\\\/04\\\/logo-png-260.png\",\"datePublished\":\"2024-04-03T06:23:58+00:00\",\"dateModified\":\"2024-04-11T06:49:13+00:00\",\"breadcrumb\":{\"@id\":\"https:\\\/\\\/saevia.ro\\\/parteneri\\\/#breadcrumb\"},\"inLanguage\":\"fr-FR\",\"potentialAction\":[{\"@type\":\"ReadAction\",\"target\":[\"https:\\\/\\\/saevia.ro\\\/parteneri\\\/\"]}]},{\"@type\":\"ImageObject\",\"inLanguage\":\"fr-FR\",\"@id\":\"https:\\\/\\\/saevia.ro\\\/parteneri\\\/#primaryimage\",\"url\":\"https:\\\/\\\/saevia.ro\\\/wp-content\\\/uploads\\\/2024\\\/04\\\/logo-png-260.png\",\"contentUrl\":\"https:\\\/\\\/saevia.ro\\\/wp-content\\\/uploads\\\/2024\\\/04\\\/logo-png-260.png\"},{\"@type\":\"BreadcrumbList\",\"@id\":\"https:\\\/\\\/saevia.ro\\\/parteneri\\\/#breadcrumb\",\"itemListElement\":[{\"@type\":\"ListItem\",\"position\":1,\"name\":\"Home\",\"item\":\"https:\\\/\\\/saevia.ro\\\/\"},{\"@type\":\"ListItem\",\"position\":2,\"name\":\"Parteneri\"}]},{\"@type\":\"WebSite\",\"@id\":\"https:\\\/\\\/saevia.ro\\\/#website\",\"url\":\"https:\\\/\\\/saevia.ro\\\/\",\"name\":\"Saevia\",\"description\":\"Pentru sanatatea ta!\",\"publisher\":{\"@id\":\"https:\\\/\\\/saevia.ro\\\/#organization\"},\"potentialAction\":[{\"@type\":\"SearchAction\",\"target\":{\"@type\":\"EntryPoint\",\"urlTemplate\":\"https:\\\/\\\/saevia.ro\\\/?s={search_term_string}\"},\"query-input\":{\"@type\":\"PropertyValueSpecification\",\"valueRequired\":true,\"valueName\":\"search_term_string\"}}],\"inLanguage\":\"fr-FR\"},{\"@type\":\"Organization\",\"@id\":\"https:\\\/\\\/saevia.ro\\\/#organization\",\"name\":\"Saevia\",\"url\":\"https:\\\/\\\/saevia.ro\\\/\",\"logo\":{\"@type\":\"ImageObject\",\"inLanguage\":\"fr-FR\",\"@id\":\"https:\\\/\\\/saevia.ro\\\/#\\\/schema\\\/logo\\\/image\\\/\",\"url\":\"https:\\\/\\\/saevia.ro\\\/wp-content\\\/uploads\\\/2024\\\/04\\\/logo_preview__1_-removebg-preview-1.png\",\"contentUrl\":\"https:\\\/\\\/saevia.ro\\\/wp-content\\\/uploads\\\/2024\\\/04\\\/logo_preview__1_-removebg-preview-1.png\",\"width\":638,\"height\":162,\"caption\":\"Saevia\"},\"image\":{\"@id\":\"https:\\\/\\\/saevia.ro\\\/#\\\/schema\\\/logo\\\/image\\\/\"}}]}<\/script>\n<!-- \/ Yoast SEO plugin. -->","yoast_head_json":{"title":"Partenaires - Saevia","robots":{"index":"index","follow":"follow","max-snippet":"max-snippet:-1","max-image-preview":"max-image-preview:large","max-video-preview":"max-video-preview:-1"},"canonical":"https:\/\/saevia.ro\/fr\/partenaire\/","og_locale":"fr_FR","og_type":"article","og_title":"Parteneri - Saevia","og_description":"PARTENERI De mai bine de 20 de ani, PhosphoTech este un furnizor de ingrediente marine \u0219i naturale angajate \u00eentr-o abordare [&hellip;]","og_url":"https:\/\/saevia.ro\/fr\/partenaire\/","og_site_name":"Saevia","article_modified_time":"2024-04-11T06:49:13+00:00","og_image":[{"url":"https:\/\/saevia.ro\/wp-content\/uploads\/2024\/04\/logo-png-260.png","type":"","width":"","height":""}],"twitter_card":"summary_large_image","twitter_misc":{"Dur\u00e9e de lecture estim\u00e9e":"1 minute"},"schema":{"@context":"https:\/\/schema.org","@graph":[{"@type":"WebPage","@id":"https:\/\/saevia.ro\/parteneri\/","url":"https:\/\/saevia.ro\/parteneri\/","name":"Partenaires - Saevia","isPartOf":{"@id":"https:\/\/saevia.ro\/#website"},"primaryImageOfPage":{"@id":"https:\/\/saevia.ro\/parteneri\/#primaryimage"},"image":{"@id":"https:\/\/saevia.ro\/parteneri\/#primaryimage"},"thumbnailUrl":"https:\/\/saevia.ro\/wp-content\/uploads\/2024\/04\/logo-png-260.png","datePublished":"2024-04-03T06:23:58+00:00","dateModified":"2024-04-11T06:49:13+00:00","breadcrumb":{"@id":"https:\/\/saevia.ro\/parteneri\/#breadcrumb"},"inLanguage":"fr-FR","potentialAction":[{"@type":"ReadAction","target":["https:\/\/saevia.ro\/parteneri\/"]}]},{"@type":"ImageObject","inLanguage":"fr-FR","@id":"https:\/\/saevia.ro\/parteneri\/#primaryimage","url":"https:\/\/saevia.ro\/wp-content\/uploads\/2024\/04\/logo-png-260.png","contentUrl":"https:\/\/saevia.ro\/wp-content\/uploads\/2024\/04\/logo-png-260.png"},{"@type":"BreadcrumbList","@id":"https:\/\/saevia.ro\/parteneri\/#breadcrumb","itemListElement":[{"@type":"ListItem","position":1,"name":"Home","item":"https:\/\/saevia.ro\/"},{"@type":"ListItem","position":2,"name":"Parteneri"}]},{"@type":"WebSite","@id":"https:\/\/saevia.ro\/#website","url":"https:\/\/saevia.ro\/","name":"Saevia","description":"Pour ta sant\u00e9!","publisher":{"@id":"https:\/\/saevia.ro\/#organization"},"potentialAction":[{"@type":"SearchAction","target":{"@type":"EntryPoint","urlTemplate":"https:\/\/saevia.ro\/?s={search_term_string}"},"query-input":{"@type":"PropertyValueSpecification","valueRequired":true,"valueName":"search_term_string"}}],"inLanguage":"fr-FR"},{"@type":"Organization","@id":"https:\/\/saevia.ro\/#organization","name":"Saevia","url":"https:\/\/saevia.ro\/","logo":{"@type":"ImageObject","inLanguage":"fr-FR","@id":"https:\/\/saevia.ro\/#\/schema\/logo\/image\/","url":"https:\/\/saevia.ro\/wp-content\/uploads\/2024\/04\/logo_preview__1_-removebg-preview-1.png","contentUrl":"https:\/\/saevia.ro\/wp-content\/uploads\/2024\/04\/logo_preview__1_-removebg-preview-1.png","width":638,"height":162,"caption":"Saevia"},"image":{"@id":"https:\/\/saevia.ro\/#\/schema\/logo\/image\/"}}]}},"_links":{"self":[{"href":"https:\/\/saevia.ro\/fr\/wp-json\/wp\/v2\/pages\/41","targetHints":{"allow":["GET"]}}],"collection":[{"href":"https:\/\/saevia.ro\/fr\/wp-json\/wp\/v2\/pages"}],"about":[{"href":"https:\/\/saevia.ro\/fr\/wp-json\/wp\/v2\/types\/page"}],"author":[{"embeddable":true,"href":"https:\/\/saevia.ro\/fr\/wp-json\/wp\/v2\/users\/1"}],"replies":[{"embeddable":true,"href":"https:\/\/saevia.ro\/fr\/wp-json\/wp\/v2\/comments?post=41"}],"version-history":[{"count":12,"href":"https:\/\/saevia.ro\/fr\/wp-json\/wp\/v2\/pages\/41\/revisions"}],"predecessor-version":[{"id":956,"href":"https:\/\/saevia.ro\/fr\/wp-json\/wp\/v2\/pages\/41\/revisions\/956"}],"wp:attachment":[{"href":"https:\/\/saevia.ro\/fr\/wp-json\/wp\/v2\/media?parent=41"}],"curies":[{"name":"wp","href":"https:\/\/api.w.org\/{rel}","templated":true}]}}