{"id":3,"date":"2024-04-02T16:41:57","date_gmt":"2024-04-02T14:41:57","guid":{"rendered":"http:\/\/saevia.ro\/?page_id=3"},"modified":"2024-04-14T20:34:17","modified_gmt":"2024-04-14T17:34:17","slug":"politica-de-confidentialitate","status":"publish","type":"page","link":"https:\/\/saevia.ro\/fr\/politique-de-confidentialite\/","title":{"rendered":"Politique de confidentialit\u00e9"},"content":{"rendered":"<div data-elementor-type=\"wp-page\" data-elementor-id=\"3\" class=\"elementor elementor-3\" data-elementor-post-type=\"page\">\n\t\t\t\t<div class=\"elementor-element elementor-element-65b4794 e-flex e-con-boxed e-con e-parent\" data-id=\"65b4794\" data-element_type=\"container\" data-e-type=\"container\">\n\t\t\t\t\t<div class=\"e-con-inner\">\n\t\t\t\t<div class=\"elementor-element elementor-element-70ff9aed elementor-widget elementor-widget-text-editor\" data-id=\"70ff9aed\" data-element_type=\"widget\" data-e-type=\"widget\" data-widget_type=\"text-editor.default\">\n\t\t\t\t<div class=\"elementor-widget-container\">\n\t\t\t\t\t\t\t\t\t\n<p>\u00a0<\/p>\n\n<h1 class=\"wp-block-heading\">Politique de confidentialit\u00e9 de Saevia<\/h1>\n\n<p>Saevia exploite le site Internet https:\/\/saevia.ro\/, qui fournit le SERVICE.<\/p>\n\n<p>Cette page est utilis\u00e9e pour informer les visiteurs du site Web de nos politiques concernant la collecte, l'utilisation et la divulgation d'informations personnelles, si l'on a d\u00e9cid\u00e9 d'utiliser notre service, le site Web Saevia.<\/p>\n\n<p>Si vous choisissez d'utiliser notre service, vous consentez \u00e0 la collecte et \u00e0 l'utilisation d'informations dans le cadre de cette politique. Les informations personnelles que nous collectons sont utilis\u00e9es pour fournir et am\u00e9liorer le Service. Nous n\u2019utiliserons ni ne partagerons vos informations avec qui que ce soit, sauf dans les cas d\u00e9crits dans la pr\u00e9sente politique de confidentialit\u00e9.<\/p>\n\n<p>Les termes utilis\u00e9s dans la pr\u00e9sente politique de confidentialit\u00e9 ont la m\u00eame signification que dans nos conditions g\u00e9n\u00e9rales, accessibles sur https:\/\/saevia.ro\/, sauf indication contraire dans la pr\u00e9sente politique de confidentialit\u00e9.<\/p>\n\n<h2 class=\"wp-block-heading\">Collecte et utilisation des informations<\/h2>\n\n<p>Pour une meilleure exp\u00e9rience lors de l'utilisation de notre Service, nous pouvons vous demander de nous fournir certaines informations personnellement identifiables, y compris, mais sans s'y limiter, votre nom, votre num\u00e9ro de t\u00e9l\u00e9phone et votre adresse postale. Les informations que nous collectons seront utilis\u00e9es pour vous contacter ou vous identifier.<\/p>\n\n<h2 class=\"wp-block-heading\">Donn\u00e9es du journal<\/h2>\n\n<p>Nous souhaitons vous informer que chaque fois que vous visitez notre service, nous collectons des informations que votre navigateur nous envoie, appel\u00e9es donn\u00e9es de journal. Ces donn\u00e9es de journal peuvent inclure des informations telles que l&#039;adresse de protocole Internet (\u00ab IP \u00bb) de votre ordinateur, la version du navigateur, les pages de notre Service que vous visitez, l&#039;heure et la date de votre visite, le temps pass\u00e9 sur ces pages et d&#039;autres statistiques.<\/p>\n\n<h2 class=\"wp-block-heading\">Cookies<\/h2>\n\n<p>Les cookies sont des fichiers contenant une petite quantit\u00e9 de donn\u00e9es qui sont couramment utilis\u00e9s comme identifiant unique anonyme. Ils sont envoy\u00e9s \u00e0 votre navigateur depuis le site Internet que vous visitez et stock\u00e9s sur le disque dur de votre ordinateur.<\/p>\n\n<p>Notre site Web utilise ces \u00ab cookies \u00bb pour collecter des informations et am\u00e9liorer notre Service. Vous avez la possibilit\u00e9 d'accepter ou de refuser ces cookies et de savoir quand un cookie est envoy\u00e9 sur votre ordinateur. Si vous choisissez de refuser nos cookies, vous ne pourrez peut-\u00eatre pas utiliser certaines parties de notre Service.<\/p>\n\n<h2 class=\"wp-block-heading\">Les fournisseurs de services<\/h2>\n\n<p>Nous pouvons employer des soci\u00e9t\u00e9s tierces et des particuliers pour les raisons suivantes\u00a0:<\/p>\n\n<ul class=\"wp-block-list\">\n<li>Pour faciliter notre Service\u00a0;<\/li>\n\n<li>Pour fournir le Service en notre nom\u00a0;<\/li>\n\n<li>Pour fournir des services li\u00e9s aux Services\u00a0; ou<\/li>\n\n<li>Pour nous aider \u00e0 analyser la mani\u00e8re dont notre Service est utilis\u00e9.<\/li>\n<\/ul>\n\n<p>Nous souhaitons informer les utilisateurs de nos services que ces tiers ont acc\u00e8s \u00e0 vos informations personnelles. La raison est d\u2019accomplir les t\u00e2ches qui leur sont assign\u00e9es en notre nom. Ils sont toutefois tenus de ne pas divulguer ni utiliser ces informations \u00e0 d\u2019autres fins.<\/p>\n\n<h2 class=\"wp-block-heading\">S\u00e9curit\u00e9<\/h2>\n\n<p>Nous appr\u00e9cions votre confiance en nous fournissant vos informations personnelles, c'est pourquoi nous nous effor\u00e7ons d'utiliser des moyens commercialement acceptables pour les prot\u00e9ger. Mais veuillez noter qu\u2019aucune m\u00e9thode de transmission sur Internet ou m\u00e9thode de stockage \u00e9lectronique n\u2019est s\u00fbre et fiable \u00e0 100 %, et nous ne pouvons garantir sa s\u00e9curit\u00e9 absolue.<\/p>\n\n<h2 class=\"wp-block-heading\">Liens vers d'autres sites<\/h2>\n\n<p>Notre Service peut contenir des liens vers d'autres sites Web. Si vous cliquez sur un lien tiers, vous serez dirig\u00e9 vers ce site. Veuillez noter que ces sites externes ne sont pas exploit\u00e9s par nous. Par cons\u00e9quent, nous vous conseillons fortement de consulter la politique de confidentialit\u00e9 de ces sites Web. Nous n'avons aucun contr\u00f4le et n'assumons aucune responsabilit\u00e9 quant au contenu, aux politiques de confidentialit\u00e9 ou aux pratiques de tout site ou service tiers.<\/p>\n\n<h2>La vie priv\u00e9e des enfants<\/h2>\n\n<p>Nos services ne s'adressent pas \u00e0 toute personne de moins de 13 ans. Nous ne collectons pas sciemment d\u2019informations personnellement identifiables aupr\u00e8s d\u2019enfants de moins de 13 ans. Si nous d\u00e9couvrons qu'un enfant de moins de 13 ans nous a fourni des informations personnelles, nous les supprimons imm\u00e9diatement de nos serveurs. Si vous \u00eates un parent ou un tuteur et que vous savez que votre enfant nous a fourni des informations personnelles, veuillez nous contacter afin que nous puissions prendre les mesures n\u00e9cessaires.<\/p>\n\n<h2 class=\"wp-block-heading\">Modifications de cette politique de confidentialit\u00e9<\/h2>\n\n<p>Nous pouvons mettre \u00e0 jour notre politique de confidentialit\u00e9 de temps \u00e0 autre. Ainsi, nous vous conseillons de consulter p\u00e9riodiquement cette page pour tout changement. Nous vous informerons de tout changement en publiant la nouvelle politique de confidentialit\u00e9 sur cette page. Ces modifications entrent en vigueur imm\u00e9diatement apr\u00e8s leur publication sur cette page.<\/p>\n\n<h2 class=\"wp-block-heading\">Contactez-nous<\/h2>\n\n<p>Si vous avez des questions ou des suggestions concernant notre politique de confidentialit\u00e9, n'h\u00e9sitez pas \u00e0 nous contacter.<\/p>\n\t\t\t\t\t\t\t\t<\/div>\n\t\t\t\t<\/div>\n\t\t\t\t\t<\/div>\n\t\t\t\t<\/div>\n\t\t\t\t<\/div>","protected":false},"excerpt":{"rendered":"<p>\u00a0 Politica de confiden\u021bialitate a Saevia Saevia opereaz\u0103 site-ul https:\/\/saevia.ro\/, care furnizeaz\u0103 SERVICIUL. Aceast\u0103 pagin\u0103 este utilizat\u0103 pentru a informa [&hellip;]<\/p>","protected":false},"author":1,"featured_media":0,"parent":0,"menu_order":0,"comment_status":"closed","ping_status":"closed","template":"","meta":{"site-sidebar-layout":"default","site-content-layout":"","ast-site-content-layout":"default","site-content-style":"default","site-sidebar-style":"default","ast-global-header-display":"","ast-banner-title-visibility":"","ast-main-header-display":"","ast-hfb-above-header-display":"","ast-hfb-below-header-display":"","ast-hfb-mobile-header-display":"","site-post-title":"disabled","ast-breadcrumbs-content":"","ast-featured-img":"","footer-sml-layout":"","ast-disable-related-posts":"","theme-transparent-header-meta":"","adv-header-id-meta":"","stick-header-meta":"","header-above-stick-meta":"","header-main-stick-meta":"","header-below-stick-meta":"","astra-migrate-meta-layouts":"default","ast-page-background-enabled":"default","ast-page-background-meta":{"desktop":{"background-color":"var(--ast-global-color-4)","background-image":"","background-repeat":"repeat","background-position":"center center","background-size":"auto","background-attachment":"scroll","background-type":"","background-media":"","overlay-type":"","overlay-color":"","overlay-opacity":"","overlay-gradient":""},"tablet":{"background-color":"","background-image":"","background-repeat":"repeat","background-position":"center center","background-size":"auto","background-attachment":"scroll","background-type":"","background-media":"","overlay-type":"","overlay-color":"","overlay-opacity":"","overlay-gradient":""},"mobile":{"background-color":"","background-image":"","background-repeat":"repeat","background-position":"center center","background-size":"auto","background-attachment":"scroll","background-type":"","background-media":"","overlay-type":"","overlay-color":"","overlay-opacity":"","overlay-gradient":""}},"ast-content-background-meta":{"desktop":{"background-color":"var(--ast-global-color-5)","background-image":"","background-repeat":"repeat","background-position":"center center","background-size":"auto","background-attachment":"scroll","background-type":"","background-media":"","overlay-type":"","overlay-color":"","overlay-opacity":"","overlay-gradient":""},"tablet":{"background-color":"var(--ast-global-color-5)","background-image":"","background-repeat":"repeat","background-position":"center center","background-size":"auto","background-attachment":"scroll","background-type":"","background-media":"","overlay-type":"","overlay-color":"","overlay-opacity":"","overlay-gradient":""},"mobile":{"background-color":"var(--ast-global-color-5)","background-image":"","background-repeat":"repeat","background-position":"center center","background-size":"auto","background-attachment":"scroll","background-type":"","background-media":"","overlay-type":"","overlay-color":"","overlay-opacity":"","overlay-gradient":""}},"footnotes":""},"class_list":["post-3","page","type-page","status-publish","hentry"],"yoast_head":"<!-- This site is optimized with the Yoast SEO plugin v27.4 - https:\/\/yoast.com\/product\/yoast-seo-wordpress\/ -->\n<title>Politica de Confidentialitate - Saevia<\/title>\n<meta name=\"description\" content=\"Aceast\u0103 pagin\u0103 este utilizat\u0103 pentru a informa vizitatorii site-ului web cu privire la politicile noastre cu privire la colectarea, utilizarea \u0219i dezv\u0103luirea informa\u021biilor personale, dac\u0103 cineva a decis s\u0103 foloseasc\u0103 Serviciul nostru, site-ul web Saevia.\" \/>\n<meta name=\"robots\" content=\"index, follow, max-snippet:-1, max-image-preview:large, max-video-preview:-1\" \/>\n<link rel=\"canonical\" href=\"https:\/\/saevia.ro\/fr\/politique-de-confidentialite\/\" \/>\n<meta property=\"og:locale\" content=\"fr_FR\" \/>\n<meta property=\"og:type\" content=\"article\" \/>\n<meta property=\"og:title\" content=\"Politica de Confidentialitate - Saevia\" \/>\n<meta property=\"og:description\" content=\"Aceast\u0103 pagin\u0103 este utilizat\u0103 pentru a informa vizitatorii site-ului web cu privire la politicile noastre cu privire la colectarea, utilizarea \u0219i dezv\u0103luirea informa\u021biilor personale, dac\u0103 cineva a decis s\u0103 foloseasc\u0103 Serviciul nostru, site-ul web Saevia.\" \/>\n<meta property=\"og:url\" content=\"https:\/\/saevia.ro\/fr\/politique-de-confidentialite\/\" \/>\n<meta property=\"og:site_name\" content=\"Saevia\" \/>\n<meta property=\"article:modified_time\" content=\"2024-04-14T17:34:17+00:00\" \/>\n<meta name=\"twitter:card\" content=\"summary_large_image\" \/>\n<meta name=\"twitter:label1\" content=\"Dur\u00e9e de lecture estim\u00e9e\" \/>\n\t<meta name=\"twitter:data1\" content=\"4 minutes\" \/>\n<script type=\"application\/ld+json\" class=\"yoast-schema-graph\">{\"@context\":\"https:\\\/\\\/schema.org\",\"@graph\":[{\"@type\":\"WebPage\",\"@id\":\"https:\\\/\\\/saevia.ro\\\/politica-de-confidentialitate\\\/\",\"url\":\"https:\\\/\\\/saevia.ro\\\/politica-de-confidentialitate\\\/\",\"name\":\"Politica de Confidentialitate - Saevia\",\"isPartOf\":{\"@id\":\"https:\\\/\\\/saevia.ro\\\/#website\"},\"datePublished\":\"2024-04-02T14:41:57+00:00\",\"dateModified\":\"2024-04-14T17:34:17+00:00\",\"description\":\"Aceast\u0103 pagin\u0103 este utilizat\u0103 pentru a informa vizitatorii site-ului web cu privire la politicile noastre cu privire la colectarea, utilizarea \u0219i dezv\u0103luirea informa\u021biilor personale, dac\u0103 cineva a decis s\u0103 foloseasc\u0103 Serviciul nostru, site-ul web Saevia.\",\"breadcrumb\":{\"@id\":\"https:\\\/\\\/saevia.ro\\\/politica-de-confidentialitate\\\/#breadcrumb\"},\"inLanguage\":\"fr-FR\",\"potentialAction\":[{\"@type\":\"ReadAction\",\"target\":[\"https:\\\/\\\/saevia.ro\\\/politica-de-confidentialitate\\\/\"]}]},{\"@type\":\"BreadcrumbList\",\"@id\":\"https:\\\/\\\/saevia.ro\\\/politica-de-confidentialitate\\\/#breadcrumb\",\"itemListElement\":[{\"@type\":\"ListItem\",\"position\":1,\"name\":\"Home\",\"item\":\"https:\\\/\\\/saevia.ro\\\/\"},{\"@type\":\"ListItem\",\"position\":2,\"name\":\"Politica de Confidentialitate\"}]},{\"@type\":\"WebSite\",\"@id\":\"https:\\\/\\\/saevia.ro\\\/#website\",\"url\":\"https:\\\/\\\/saevia.ro\\\/\",\"name\":\"Saevia\",\"description\":\"Pentru sanatatea ta!\",\"publisher\":{\"@id\":\"https:\\\/\\\/saevia.ro\\\/#organization\"},\"potentialAction\":[{\"@type\":\"SearchAction\",\"target\":{\"@type\":\"EntryPoint\",\"urlTemplate\":\"https:\\\/\\\/saevia.ro\\\/?s={search_term_string}\"},\"query-input\":{\"@type\":\"PropertyValueSpecification\",\"valueRequired\":true,\"valueName\":\"search_term_string\"}}],\"inLanguage\":\"fr-FR\"},{\"@type\":\"Organization\",\"@id\":\"https:\\\/\\\/saevia.ro\\\/#organization\",\"name\":\"Saevia\",\"url\":\"https:\\\/\\\/saevia.ro\\\/\",\"logo\":{\"@type\":\"ImageObject\",\"inLanguage\":\"fr-FR\",\"@id\":\"https:\\\/\\\/saevia.ro\\\/#\\\/schema\\\/logo\\\/image\\\/\",\"url\":\"https:\\\/\\\/saevia.ro\\\/wp-content\\\/uploads\\\/2024\\\/04\\\/logo_preview__1_-removebg-preview-1.png\",\"contentUrl\":\"https:\\\/\\\/saevia.ro\\\/wp-content\\\/uploads\\\/2024\\\/04\\\/logo_preview__1_-removebg-preview-1.png\",\"width\":638,\"height\":162,\"caption\":\"Saevia\"},\"image\":{\"@id\":\"https:\\\/\\\/saevia.ro\\\/#\\\/schema\\\/logo\\\/image\\\/\"}}]}<\/script>\n<!-- \/ Yoast SEO plugin. -->","yoast_head_json":{"title":"Politique de confidentialit\u00e9","description":"Cette page est utilis\u00e9e pour informer les visiteurs du site Web de nos politiques concernant la collecte, l'utilisation et la divulgation d'informations personnelles, si l'on a d\u00e9cid\u00e9 d'utiliser notre service, le site Web Saevia.","robots":{"index":"index","follow":"follow","max-snippet":"max-snippet:-1","max-image-preview":"max-image-preview:large","max-video-preview":"max-video-preview:-1"},"canonical":"https:\/\/saevia.ro\/fr\/politique-de-confidentialite\/","og_locale":"fr_FR","og_type":"article","og_title":"Politica de Confidentialitate - Saevia","og_description":"Aceast\u0103 pagin\u0103 este utilizat\u0103 pentru a informa vizitatorii site-ului web cu privire la politicile noastre cu privire la colectarea, utilizarea \u0219i dezv\u0103luirea informa\u021biilor personale, dac\u0103 cineva a decis s\u0103 foloseasc\u0103 Serviciul nostru, site-ul web Saevia.","og_url":"https:\/\/saevia.ro\/fr\/politique-de-confidentialite\/","og_site_name":"Saevia","article_modified_time":"2024-04-14T17:34:17+00:00","twitter_card":"summary_large_image","twitter_misc":{"Dur\u00e9e de lecture estim\u00e9e":"4 minutes"},"schema":{"@context":"https:\/\/schema.org","@graph":[{"@type":"WebPage","@id":"https:\/\/saevia.ro\/politica-de-confidentialitate\/","url":"https:\/\/saevia.ro\/politica-de-confidentialitate\/","name":"Politique de confidentialit\u00e9","isPartOf":{"@id":"https:\/\/saevia.ro\/#website"},"datePublished":"2024-04-02T14:41:57+00:00","dateModified":"2024-04-14T17:34:17+00:00","description":"Cette page est utilis\u00e9e pour informer les visiteurs du site Web de nos politiques concernant la collecte, l'utilisation et la divulgation d'informations personnelles, si l'on a d\u00e9cid\u00e9 d'utiliser notre service, le site Web Saevia.","breadcrumb":{"@id":"https:\/\/saevia.ro\/politica-de-confidentialitate\/#breadcrumb"},"inLanguage":"fr-FR","potentialAction":[{"@type":"ReadAction","target":["https:\/\/saevia.ro\/politica-de-confidentialitate\/"]}]},{"@type":"BreadcrumbList","@id":"https:\/\/saevia.ro\/politica-de-confidentialitate\/#breadcrumb","itemListElement":[{"@type":"ListItem","position":1,"name":"Home","item":"https:\/\/saevia.ro\/"},{"@type":"ListItem","position":2,"name":"Politica de Confidentialitate"}]},{"@type":"WebSite","@id":"https:\/\/saevia.ro\/#website","url":"https:\/\/saevia.ro\/","name":"Saevia","description":"Pour ta sant\u00e9!","publisher":{"@id":"https:\/\/saevia.ro\/#organization"},"potentialAction":[{"@type":"SearchAction","target":{"@type":"EntryPoint","urlTemplate":"https:\/\/saevia.ro\/?s={search_term_string}"},"query-input":{"@type":"PropertyValueSpecification","valueRequired":true,"valueName":"search_term_string"}}],"inLanguage":"fr-FR"},{"@type":"Organization","@id":"https:\/\/saevia.ro\/#organization","name":"Saevia","url":"https:\/\/saevia.ro\/","logo":{"@type":"ImageObject","inLanguage":"fr-FR","@id":"https:\/\/saevia.ro\/#\/schema\/logo\/image\/","url":"https:\/\/saevia.ro\/wp-content\/uploads\/2024\/04\/logo_preview__1_-removebg-preview-1.png","contentUrl":"https:\/\/saevia.ro\/wp-content\/uploads\/2024\/04\/logo_preview__1_-removebg-preview-1.png","width":638,"height":162,"caption":"Saevia"},"image":{"@id":"https:\/\/saevia.ro\/#\/schema\/logo\/image\/"}}]}},"_links":{"self":[{"href":"https:\/\/saevia.ro\/fr\/wp-json\/wp\/v2\/pages\/3","targetHints":{"allow":["GET"]}}],"collection":[{"href":"https:\/\/saevia.ro\/fr\/wp-json\/wp\/v2\/pages"}],"about":[{"href":"https:\/\/saevia.ro\/fr\/wp-json\/wp\/v2\/types\/page"}],"author":[{"embeddable":true,"href":"https:\/\/saevia.ro\/fr\/wp-json\/wp\/v2\/users\/1"}],"replies":[{"embeddable":true,"href":"https:\/\/saevia.ro\/fr\/wp-json\/wp\/v2\/comments?post=3"}],"version-history":[{"count":12,"href":"https:\/\/saevia.ro\/fr\/wp-json\/wp\/v2\/pages\/3\/revisions"}],"predecessor-version":[{"id":1692,"href":"https:\/\/saevia.ro\/fr\/wp-json\/wp\/v2\/pages\/3\/revisions\/1692"}],"wp:attachment":[{"href":"https:\/\/saevia.ro\/fr\/wp-json\/wp\/v2\/media?parent=3"}],"curies":[{"name":"wp","href":"https:\/\/api.w.org\/{rel}","templated":true}]}}