{"id":50,"date":"2024-04-03T09:25:22","date_gmt":"2024-04-03T06:25:22","guid":{"rendered":"https:\/\/saevia.ro\/?page_id=50"},"modified":"2024-04-08T21:47:31","modified_gmt":"2024-04-08T18:47:31","slug":"politica-cookies","status":"publish","type":"page","link":"https:\/\/saevia.ro\/en\/politica-cookies\/","title":{"rendered":"Cookie Policy"},"content":{"rendered":"<div data-elementor-type=\"wp-page\" data-elementor-id=\"50\" class=\"elementor elementor-50\" data-elementor-post-type=\"page\">\n\t\t\t\t<div class=\"elementor-element elementor-element-2aa0b423 e-flex e-con-boxed e-con e-parent\" data-id=\"2aa0b423\" data-element_type=\"container\" data-e-type=\"container\">\n\t\t\t\t\t<div class=\"e-con-inner\">\n\t\t\t\t<div class=\"elementor-element elementor-element-16f61387 elementor-widget elementor-widget-text-editor\" data-id=\"16f61387\" data-element_type=\"widget\" data-e-type=\"widget\" data-widget_type=\"text-editor.default\">\n\t\t\t\t<div class=\"elementor-widget-container\">\n\t\t\t\t\t\t\t\t\t\n<h1 class=\"wp-block-heading\">Cookie Policy for Saevia<\/h1>\n\n\n\n<p>This is the Cookie Policy for Saevia, accessible from https:\/\/saevia.ro\/<\/p>\n\n\n\n<p><strong>What are cookies<\/strong><\/p>\n\n\n\n<p>As is common practice with almost all professional websites, this site uses cookies, which are tiny files that are downloaded to your computer, to improve your experience. This page describes what information we collect, how we use it and why we sometimes need to store these cookies. We will also show how you can prevent these cookies from being stored, however this may reduce or 'break' certain elements of the sites functionality.<\/p>\n\n\n\n<p><strong>How we use cookies<\/strong><\/p>\n\n\n\n<p>We use cookies for a variety of reasons detailed below. Unfortunately, in most cases, there are no industry standard options for disabling cookies without completely disabling the functionality and features they add to this site. It is recommended that you leave all cookies enabled if you are not sure whether you need them or not if they are used to provide a service you are using.<\/p>\n\n\n\n<p><strong>Deactivation of cookies<\/strong><\/p>\n\n\n\n<p>You can prevent cookies from being set by adjusting your browser settings (see your browser's Help to find out how to do this). Note that disabling cookies will affect the functionality of this website and many other websites you visit. Disabling cookies will usually disable certain functionality and features of this site. Therefore, it is recommended not to disable cookies. <\/p>\n\n\n\n<p><strong>The cookies we set<\/strong><\/p>\n\n\n\n<ul class=\"wp-block-list\">\n<li>Form-related cookies When you submit data through a form, such as those found on contact pages or comment forms, cookies may be set to remember the user's details for future correspondence.<\/li>\n\n\n\n<li>Site Preferences Cookies To provide you with a great experience on this site, we provide you with the functionality to set your preferences for how this site works when you use it. To remember your preferences, we need to set cookies so that this information can be called up whenever you interact with a page that is affected by your preferences.<\/li>\n<\/ul>\n\n\n\n<p><strong>Cookies from third parties<\/strong><\/p>\n\n\n\n<p>In some special cases, we also use cookies provided by trusted third parties. The following section details which third-party cookies you may encounter through this website.<\/p>\n\n\n\n<ul class=\"wp-block-list\">\n<li>This site uses Google Analytics, which is one of the most widely used and trusted analytics solutions on the web to help us understand how you use the site and ways we can improve your experience. These cookies can track things like how long you spend on the site and the pages you visit so we can continue to produce engaging content. For more information about Google Analytics cookies, see the official Google Analytics page.<\/li>\n\n\n\n<li>From time to time we test new features and make subtle changes to the way the site is delivered. When we're still testing new features, these cookies can be used to make sure you get a consistent experience while on the site, while making sure we understand which optimizations our users value most.<\/li>\n\n\n\n<li>We also use social media buttons and\/or plugins on this site that allow you to connect to your social network in various ways. For them to work the following social media sites including; {List the social networks whose features you have integrated with your site?:12}, will set cookies through our site, which can be used to improve your profile on their site or to contribute to the data they hold for various purposes outlined in their respective privacy. policies.<\/li>\n<\/ul>\n\n\n\n<p><strong>More information<\/strong><\/p>\n\n\n\n<p>We hope that clears things up for you, and as mentioned before, if there's something you're not sure if you need or not, it's usually safer to leave cookies enabled in case they interact with one of the features you you use them. our website.<\/p>\n\n\n\n<p>However, if you are still looking for more information, you can contact us through one of our preferred contact methods:<\/p>\n\n\n\n<ul class=\"wp-block-list\">\n<li>By accessing this link: https:\/\/saevia.ro\/contact\/<\/li>\n<\/ul>\n\t\t\t\t\t\t\t\t<\/div>\n\t\t\t\t<\/div>\n\t\t\t\t\t<\/div>\n\t\t\t\t<\/div>\n\t\t\t\t<\/div>","protected":false},"excerpt":{"rendered":"<p>Politica privind cookie-urile pentru Saevia Aceasta este Politica de cookie-uri pentru Saevia, accesibil\u0103 de pe https:\/\/saevia.ro\/ Ce sunt cookie-urile A\u0219a [&hellip;]<\/p>","protected":false},"author":1,"featured_media":0,"parent":0,"menu_order":0,"comment_status":"closed","ping_status":"closed","template":"","meta":{"site-sidebar-layout":"default","site-content-layout":"","ast-site-content-layout":"default","site-content-style":"default","site-sidebar-style":"default","ast-global-header-display":"","ast-banner-title-visibility":"","ast-main-header-display":"","ast-hfb-above-header-display":"","ast-hfb-below-header-display":"","ast-hfb-mobile-header-display":"","site-post-title":"disabled","ast-breadcrumbs-content":"","ast-featured-img":"","footer-sml-layout":"","ast-disable-related-posts":"","theme-transparent-header-meta":"","adv-header-id-meta":"","stick-header-meta":"","header-above-stick-meta":"","header-main-stick-meta":"","header-below-stick-meta":"","astra-migrate-meta-layouts":"default","ast-page-background-enabled":"default","ast-page-background-meta":{"desktop":{"background-color":"var(--ast-global-color-4)","background-image":"","background-repeat":"repeat","background-position":"center center","background-size":"auto","background-attachment":"scroll","background-type":"","background-media":"","overlay-type":"","overlay-color":"","overlay-opacity":"","overlay-gradient":""},"tablet":{"background-color":"","background-image":"","background-repeat":"repeat","background-position":"center center","background-size":"auto","background-attachment":"scroll","background-type":"","background-media":"","overlay-type":"","overlay-color":"","overlay-opacity":"","overlay-gradient":""},"mobile":{"background-color":"","background-image":"","background-repeat":"repeat","background-position":"center center","background-size":"auto","background-attachment":"scroll","background-type":"","background-media":"","overlay-type":"","overlay-color":"","overlay-opacity":"","overlay-gradient":""}},"ast-content-background-meta":{"desktop":{"background-color":"var(--ast-global-color-5)","background-image":"","background-repeat":"repeat","background-position":"center center","background-size":"auto","background-attachment":"scroll","background-type":"","background-media":"","overlay-type":"","overlay-color":"","overlay-opacity":"","overlay-gradient":""},"tablet":{"background-color":"var(--ast-global-color-5)","background-image":"","background-repeat":"repeat","background-position":"center center","background-size":"auto","background-attachment":"scroll","background-type":"","background-media":"","overlay-type":"","overlay-color":"","overlay-opacity":"","overlay-gradient":""},"mobile":{"background-color":"var(--ast-global-color-5)","background-image":"","background-repeat":"repeat","background-position":"center center","background-size":"auto","background-attachment":"scroll","background-type":"","background-media":"","overlay-type":"","overlay-color":"","overlay-opacity":"","overlay-gradient":""}},"footnotes":""},"class_list":["post-50","page","type-page","status-publish","hentry"],"yoast_head":"<!-- This site is optimized with the Yoast SEO plugin v27.4 - https:\/\/yoast.com\/product\/yoast-seo-wordpress\/ -->\n<title>Politica Cookies - Saevia<\/title>\n<meta name=\"description\" content=\"A\u0219a cum este practica obi\u0219nuit\u0103 cu aproape toate site-urile web profesionale, acest site folose\u0219te cookie-uri, care sunt fi\u0219iere minuscule care sunt desc\u0103rcate pe computerul dvs., pentru a v\u0103 \u00eembun\u0103t\u0103\u021bi experien\u021ba. Aceast\u0103 pagin\u0103 descrie ce informa\u021bii adun\u0103, cum le folosim \u0219i de ce uneori trebuie s\u0103 stoc\u0103m aceste cookie-uri. De asemenea, vom prezenta modul \u00een care pute\u021bi \u00eempiedica stocarea acestor cookie-uri, totu\u0219i acest lucru poate reduce sau \u201erupe\u201d anumite elemente ale func\u021bionalit\u0103\u021bii site-urilor.\" \/>\n<meta name=\"robots\" content=\"index, follow, max-snippet:-1, max-image-preview:large, max-video-preview:-1\" \/>\n<link rel=\"canonical\" href=\"https:\/\/saevia.ro\/en\/politica-cookies\/\" \/>\n<meta property=\"og:locale\" content=\"en_GB\" \/>\n<meta property=\"og:type\" content=\"article\" \/>\n<meta property=\"og:title\" content=\"Politica Cookies - Saevia\" \/>\n<meta property=\"og:description\" content=\"A\u0219a cum este practica obi\u0219nuit\u0103 cu aproape toate site-urile web profesionale, acest site folose\u0219te cookie-uri, care sunt fi\u0219iere minuscule care sunt desc\u0103rcate pe computerul dvs., pentru a v\u0103 \u00eembun\u0103t\u0103\u021bi experien\u021ba. Aceast\u0103 pagin\u0103 descrie ce informa\u021bii adun\u0103, cum le folosim \u0219i de ce uneori trebuie s\u0103 stoc\u0103m aceste cookie-uri. De asemenea, vom prezenta modul \u00een care pute\u021bi \u00eempiedica stocarea acestor cookie-uri, totu\u0219i acest lucru poate reduce sau \u201erupe\u201d anumite elemente ale func\u021bionalit\u0103\u021bii site-urilor.\" \/>\n<meta property=\"og:url\" content=\"https:\/\/saevia.ro\/en\/politica-cookies\/\" \/>\n<meta property=\"og:site_name\" content=\"Saevia\" \/>\n<meta property=\"article:modified_time\" content=\"2024-04-08T18:47:31+00:00\" \/>\n<meta name=\"twitter:card\" content=\"summary_large_image\" \/>\n<meta name=\"twitter:label1\" content=\"Estimated reading time\" \/>\n\t<meta name=\"twitter:data1\" content=\"3 minutes\" \/>\n<script type=\"application\/ld+json\" class=\"yoast-schema-graph\">{\"@context\":\"https:\\\/\\\/schema.org\",\"@graph\":[{\"@type\":\"WebPage\",\"@id\":\"https:\\\/\\\/saevia.ro\\\/politica-cookies\\\/\",\"url\":\"https:\\\/\\\/saevia.ro\\\/politica-cookies\\\/\",\"name\":\"Politica Cookies - Saevia\",\"isPartOf\":{\"@id\":\"https:\\\/\\\/saevia.ro\\\/#website\"},\"datePublished\":\"2024-04-03T06:25:22+00:00\",\"dateModified\":\"2024-04-08T18:47:31+00:00\",\"description\":\"A\u0219a cum este practica obi\u0219nuit\u0103 cu aproape toate site-urile web profesionale, acest site folose\u0219te cookie-uri, care sunt fi\u0219iere minuscule care sunt desc\u0103rcate pe computerul dvs., pentru a v\u0103 \u00eembun\u0103t\u0103\u021bi experien\u021ba. Aceast\u0103 pagin\u0103 descrie ce informa\u021bii adun\u0103, cum le folosim \u0219i de ce uneori trebuie s\u0103 stoc\u0103m aceste cookie-uri. De asemenea, vom prezenta modul \u00een care pute\u021bi \u00eempiedica stocarea acestor cookie-uri, totu\u0219i acest lucru poate reduce sau \u201erupe\u201d anumite elemente ale func\u021bionalit\u0103\u021bii site-urilor.\",\"breadcrumb\":{\"@id\":\"https:\\\/\\\/saevia.ro\\\/politica-cookies\\\/#breadcrumb\"},\"inLanguage\":\"en-GB\",\"potentialAction\":[{\"@type\":\"ReadAction\",\"target\":[\"https:\\\/\\\/saevia.ro\\\/politica-cookies\\\/\"]}]},{\"@type\":\"BreadcrumbList\",\"@id\":\"https:\\\/\\\/saevia.ro\\\/politica-cookies\\\/#breadcrumb\",\"itemListElement\":[{\"@type\":\"ListItem\",\"position\":1,\"name\":\"Home\",\"item\":\"https:\\\/\\\/saevia.ro\\\/\"},{\"@type\":\"ListItem\",\"position\":2,\"name\":\"Politica Cookies\"}]},{\"@type\":\"WebSite\",\"@id\":\"https:\\\/\\\/saevia.ro\\\/#website\",\"url\":\"https:\\\/\\\/saevia.ro\\\/\",\"name\":\"Saevia\",\"description\":\"Pentru sanatatea ta!\",\"publisher\":{\"@id\":\"https:\\\/\\\/saevia.ro\\\/#organization\"},\"potentialAction\":[{\"@type\":\"SearchAction\",\"target\":{\"@type\":\"EntryPoint\",\"urlTemplate\":\"https:\\\/\\\/saevia.ro\\\/?s={search_term_string}\"},\"query-input\":{\"@type\":\"PropertyValueSpecification\",\"valueRequired\":true,\"valueName\":\"search_term_string\"}}],\"inLanguage\":\"en-GB\"},{\"@type\":\"Organization\",\"@id\":\"https:\\\/\\\/saevia.ro\\\/#organization\",\"name\":\"Saevia\",\"url\":\"https:\\\/\\\/saevia.ro\\\/\",\"logo\":{\"@type\":\"ImageObject\",\"inLanguage\":\"en-GB\",\"@id\":\"https:\\\/\\\/saevia.ro\\\/#\\\/schema\\\/logo\\\/image\\\/\",\"url\":\"https:\\\/\\\/saevia.ro\\\/wp-content\\\/uploads\\\/2024\\\/04\\\/logo_preview__1_-removebg-preview-1.png\",\"contentUrl\":\"https:\\\/\\\/saevia.ro\\\/wp-content\\\/uploads\\\/2024\\\/04\\\/logo_preview__1_-removebg-preview-1.png\",\"width\":638,\"height\":162,\"caption\":\"Saevia\"},\"image\":{\"@id\":\"https:\\\/\\\/saevia.ro\\\/#\\\/schema\\\/logo\\\/image\\\/\"}}]}<\/script>\n<!-- \/ Yoast SEO plugin. -->","yoast_head_json":{"title":"Politica Cookies - Saevia","description":"As is common practice with almost all professional websites, this site uses cookies, which are tiny files that are downloaded to your computer, to improve your experience. This page describes what information we collect, how we use it and why we sometimes need to store these cookies. We will also show how you can prevent these cookies from being stored, however this may reduce or 'break' certain elements of the sites functionality.","robots":{"index":"index","follow":"follow","max-snippet":"max-snippet:-1","max-image-preview":"max-image-preview:large","max-video-preview":"max-video-preview:-1"},"canonical":"https:\/\/saevia.ro\/en\/politica-cookies\/","og_locale":"en_GB","og_type":"article","og_title":"Politica Cookies - Saevia","og_description":"A\u0219a cum este practica obi\u0219nuit\u0103 cu aproape toate site-urile web profesionale, acest site folose\u0219te cookie-uri, care sunt fi\u0219iere minuscule care sunt desc\u0103rcate pe computerul dvs., pentru a v\u0103 \u00eembun\u0103t\u0103\u021bi experien\u021ba. Aceast\u0103 pagin\u0103 descrie ce informa\u021bii adun\u0103, cum le folosim \u0219i de ce uneori trebuie s\u0103 stoc\u0103m aceste cookie-uri. De asemenea, vom prezenta modul \u00een care pute\u021bi \u00eempiedica stocarea acestor cookie-uri, totu\u0219i acest lucru poate reduce sau \u201erupe\u201d anumite elemente ale func\u021bionalit\u0103\u021bii site-urilor.","og_url":"https:\/\/saevia.ro\/en\/politica-cookies\/","og_site_name":"Saevia","article_modified_time":"2024-04-08T18:47:31+00:00","twitter_card":"summary_large_image","twitter_misc":{"Estimated reading time":"3 minutes"},"schema":{"@context":"https:\/\/schema.org","@graph":[{"@type":"WebPage","@id":"https:\/\/saevia.ro\/politica-cookies\/","url":"https:\/\/saevia.ro\/politica-cookies\/","name":"Politica Cookies - Saevia","isPartOf":{"@id":"https:\/\/saevia.ro\/#website"},"datePublished":"2024-04-03T06:25:22+00:00","dateModified":"2024-04-08T18:47:31+00:00","description":"As is common practice with almost all professional websites, this site uses cookies, which are tiny files that are downloaded to your computer, to improve your experience. This page describes what information we collect, how we use it and why we sometimes need to store these cookies. We will also show how you can prevent these cookies from being stored, however this may reduce or 'break' certain elements of the sites functionality.","breadcrumb":{"@id":"https:\/\/saevia.ro\/politica-cookies\/#breadcrumb"},"inLanguage":"en-GB","potentialAction":[{"@type":"ReadAction","target":["https:\/\/saevia.ro\/politica-cookies\/"]}]},{"@type":"BreadcrumbList","@id":"https:\/\/saevia.ro\/politica-cookies\/#breadcrumb","itemListElement":[{"@type":"ListItem","position":1,"name":"Home","item":"https:\/\/saevia.ro\/"},{"@type":"ListItem","position":2,"name":"Politica Cookies"}]},{"@type":"WebSite","@id":"https:\/\/saevia.ro\/#website","url":"https:\/\/saevia.ro\/","name":"Saevia","description":"To your health!","publisher":{"@id":"https:\/\/saevia.ro\/#organization"},"potentialAction":[{"@type":"SearchAction","target":{"@type":"EntryPoint","urlTemplate":"https:\/\/saevia.ro\/?s={search_term_string}"},"query-input":{"@type":"PropertyValueSpecification","valueRequired":true,"valueName":"search_term_string"}}],"inLanguage":"en-GB"},{"@type":"Organization","@id":"https:\/\/saevia.ro\/#organization","name":"Saevia","url":"https:\/\/saevia.ro\/","logo":{"@type":"ImageObject","inLanguage":"en-GB","@id":"https:\/\/saevia.ro\/#\/schema\/logo\/image\/","url":"https:\/\/saevia.ro\/wp-content\/uploads\/2024\/04\/logo_preview__1_-removebg-preview-1.png","contentUrl":"https:\/\/saevia.ro\/wp-content\/uploads\/2024\/04\/logo_preview__1_-removebg-preview-1.png","width":638,"height":162,"caption":"Saevia"},"image":{"@id":"https:\/\/saevia.ro\/#\/schema\/logo\/image\/"}}]}},"_links":{"self":[{"href":"https:\/\/saevia.ro\/en\/wp-json\/wp\/v2\/pages\/50","targetHints":{"allow":["GET"]}}],"collection":[{"href":"https:\/\/saevia.ro\/en\/wp-json\/wp\/v2\/pages"}],"about":[{"href":"https:\/\/saevia.ro\/en\/wp-json\/wp\/v2\/types\/page"}],"author":[{"embeddable":true,"href":"https:\/\/saevia.ro\/en\/wp-json\/wp\/v2\/users\/1"}],"replies":[{"embeddable":true,"href":"https:\/\/saevia.ro\/en\/wp-json\/wp\/v2\/comments?post=50"}],"version-history":[{"count":7,"href":"https:\/\/saevia.ro\/en\/wp-json\/wp\/v2\/pages\/50\/revisions"}],"predecessor-version":[{"id":736,"href":"https:\/\/saevia.ro\/en\/wp-json\/wp\/v2\/pages\/50\/revisions\/736"}],"wp:attachment":[{"href":"https:\/\/saevia.ro\/en\/wp-json\/wp\/v2\/media?parent=50"}],"curies":[{"name":"wp","href":"https:\/\/api.w.org\/{rel}","templated":true}]}}